{"id":757,"date":"2025-11-18T14:26:45","date_gmt":"2025-11-18T14:26:45","guid":{"rendered":"https:\/\/eventkit.ch\/?page_id=757"},"modified":"2026-02-26T15:39:43","modified_gmt":"2026-02-26T14:39:43","slug":"impressum","status":"publish","type":"page","link":"https:\/\/eventkit.ch\/?page_id=757","title":{"rendered":"Impressum"},"content":{"rendered":"<p class=\"has-secondary-font-family has-22-font-size\">Kontaktadresse<\/p><p class=\"has-general-font-family has-16-font-size\" style=\"line-height:1.5\">Schweizer Verband f\u00fcr nachhaltige Events SVNE<br>c\/o pluswert GmbH<br>St. Johanns Vorstadt 3<br>4056 Basel<br>Schweiz<\/p><p>E-Mail: <a href=\"mailto:info@eventkit.ch\" target=\"_blank\" rel=\"noreferrer noopener\">info@eventkit.ch<\/a><br>Webseite: www.eventkit.ch<\/p><p><strong>Vertretungsberechtigte Personen<\/strong><br>Marianne Gehring (Pr\u00e4sidentin SVNE)<\/p><p><strong>Projektbeteiligte &amp; Realisierung<\/strong><br>Dieses Web-Tool ist das Nachfolgeprojekt der Plattform saubere-veranstaltung.ch.<\/p><ul class=\"wp-block-list\"><li><strong>Projektleitung, Gestaltung &amp; Corporate Design:<\/strong> <a href=\"https:\/\/pluswert.ch\" target=\"_blank\" rel=\"noreferrer noopener\">pluswert GmbH<\/a><\/li>\n\n<li><strong>Programmierung, Gestaltung &amp; technische Umsetzung:<\/strong> <a href=\"https:\/\/fhlb.ch\" target=\"_blank\" rel=\"noreferrer noopener\">Freihandlabor Z\u00fcrich<\/a><\/li><\/ul><hr class=\"wp-block-separator has-alpha-channel-opacity\"\/><p><strong>Rechtliche Hinweise<\/strong><\/p><p><strong>Haftungsausschluss<\/strong><br>Die Autoren \u00fcbernehmen keinerlei Gew\u00e4hr hinsichtlich der inhaltlichen Richtigkeit, Genauigkeit, Aktualit\u00e4t, Zuverl\u00e4ssigkeit und Vollst\u00e4ndigkeit der Informationen. Haftungsanspr\u00fcche gegen die Autoren wegen Sch\u00e4den materieller oder immaterieller Art, welche aus dem Zugriff oder der Nutzung bzw. Nichtnutzung der ver\u00f6ffentlichten Informationen, durch Missbrauch der Verbindung oder durch technische St\u00f6rungen entstanden sind, werden ausgeschlossen. Alle Angebote sind unverbindlich.<\/p><p><strong>Haftung f\u00fcr Links<\/strong><br>Verweise und Links auf Webseiten Dritter liegen ausserhalb unseres Verantwortungsbereichs. Es wird jegliche Verantwortung f\u00fcr solche Webseiten abgelehnt. Der Zugriff und die Nutzung solcher Webseiten erfolgen auf eigene Gefahr des Nutzers.<\/p><p><strong>Urheberrechte<\/strong><br>Die Urheber- und alle anderen Rechte an Inhalten, Bildern, Fotos oder anderen Dateien auf der Website geh\u00f6ren ausschliesslich dem Verband SVNE oder den speziell genannten Rechtsinhabern. F\u00fcr die Reproduktion jeglicher Elemente ist die schriftliche Zustimmung der Urheberrechtstr\u00e4ger im Voraus einzuholen.<\/p><div class=\"wp-block-buttons is-layout-flex wp-block-buttons-is-layout-flex\"><div class=\"wp-block-button\"><a class=\"wp-block-button__link has-white-color has-primary-background-color has-text-color has-background has-link-color wp-element-button\" href=\"https:\/\/www.datenschutzerklaerung.ch\/eventkit-ch-69a04b399d2ba\/\" target=\"_blank\" rel=\"noreferrer noopener\">Zur Datenschutzerkl\u00e4rung<\/a><\/div><\/div>","protected":false},"excerpt":{"rendered":"<p>Kontaktadresse Schweizer Verband f\u00fcr nachhaltige Events SVNEc\/o pluswert GmbHSt. Johanns Vorstadt 34056 BaselSchweiz E-Mail: info@eventkit.chWebseite: www.eventkit.ch Vertretungsberechtigte PersonenMarianne Gehring (Pr\u00e4sidentin SVNE) Projektbeteiligte &amp; RealisierungDieses Web-Tool ist das Nachfolgeprojekt der Plattform saubere-veranstaltung.ch. Rechtliche Hinweise HaftungsausschlussDie Autoren \u00fcbernehmen keinerlei Gew\u00e4hr hinsichtlich der inhaltlichen Richtigkeit, Genauigkeit, Aktualit\u00e4t, Zuverl\u00e4ssigkeit und Vollst\u00e4ndigkeit der Informationen. Haftungsanspr\u00fcche gegen die Autoren wegen Sch\u00e4den [&hellip;]<\/p>\n","protected":false},"author":1,"featured_media":0,"parent":0,"menu_order":0,"comment_status":"closed","ping_status":"closed","template":"","meta":{"_sitemap_exclude":false,"_sitemap_priority":"","_sitemap_frequency":"","footnotes":""},"class_list":["post-757","page","type-page","status-publish","hentry"],"yoast_head":"<!-- This site is optimized with the Yoast SEO plugin v27.3 - https:\/\/yoast.com\/product\/yoast-seo-wordpress\/ -->\n<title>Impressum - EventKit<\/title>\n<meta name=\"robots\" content=\"index, follow, max-snippet:-1, max-image-preview:large, max-video-preview:-1\" \/>\n<link rel=\"canonical\" href=\"https:\/\/eventkit.ch\/?page_id=757\" \/>\n<meta property=\"og:locale\" content=\"de_DE\" \/>\n<meta property=\"og:type\" content=\"article\" \/>\n<meta property=\"og:title\" content=\"Impressum - EventKit\" \/>\n<meta property=\"og:description\" content=\"Kontaktadresse Schweizer Verband f\u00fcr nachhaltige Events SVNEc\/o pluswert GmbHSt. Johanns Vorstadt 34056 BaselSchweiz E-Mail: info@eventkit.chWebseite: www.eventkit.ch Vertretungsberechtigte PersonenMarianne Gehring (Pr\u00e4sidentin SVNE) Projektbeteiligte &amp; RealisierungDieses Web-Tool ist das Nachfolgeprojekt der Plattform saubere-veranstaltung.ch. Rechtliche Hinweise HaftungsausschlussDie Autoren \u00fcbernehmen keinerlei Gew\u00e4hr hinsichtlich der inhaltlichen Richtigkeit, Genauigkeit, Aktualit\u00e4t, Zuverl\u00e4ssigkeit und Vollst\u00e4ndigkeit der Informationen. Haftungsanspr\u00fcche gegen die Autoren wegen Sch\u00e4den [&hellip;]\" \/>\n<meta property=\"og:url\" content=\"https:\/\/eventkit.ch\/?page_id=757\" \/>\n<meta property=\"og:site_name\" content=\"EventKit\" \/>\n<meta property=\"article:modified_time\" content=\"2026-02-26T14:39:43+00:00\" \/>\n<meta property=\"og:image\" content=\"https:\/\/eventkit.ch\/wp-content\/uploads\/2025\/11\/3FrauenSVNE_ASMD-1-scaled.jpg\" \/>\n\t<meta property=\"og:image:width\" content=\"2560\" \/>\n\t<meta property=\"og:image:height\" content=\"1710\" \/>\n\t<meta property=\"og:image:type\" content=\"image\/jpeg\" \/>\n<meta name=\"twitter:card\" content=\"summary_large_image\" \/>\n<meta name=\"twitter:label1\" content=\"Gesch\u00e4tzte Lesezeit\" \/>\n\t<meta name=\"twitter:data1\" content=\"2\u00a0Minuten\" \/>\n<script type=\"application\/ld+json\" class=\"yoast-schema-graph\">{\"@context\":\"https:\\\/\\\/schema.org\",\"@graph\":[{\"@type\":\"WebPage\",\"@id\":\"https:\\\/\\\/eventkit.ch\\\/?page_id=757\",\"url\":\"https:\\\/\\\/eventkit.ch\\\/?page_id=757\",\"name\":\"Impressum - EventKit\",\"isPartOf\":{\"@id\":\"https:\\\/\\\/eventkit.ch\\\/#website\"},\"datePublished\":\"2025-11-18T14:26:45+00:00\",\"dateModified\":\"2026-02-26T14:39:43+00:00\",\"breadcrumb\":{\"@id\":\"https:\\\/\\\/eventkit.ch\\\/?page_id=757#breadcrumb\"},\"inLanguage\":\"de\",\"potentialAction\":[{\"@type\":\"ReadAction\",\"target\":[\"https:\\\/\\\/eventkit.ch\\\/?page_id=757\"]}]},{\"@type\":\"BreadcrumbList\",\"@id\":\"https:\\\/\\\/eventkit.ch\\\/?page_id=757#breadcrumb\",\"itemListElement\":[{\"@type\":\"ListItem\",\"position\":1,\"name\":\"Home\",\"item\":\"https:\\\/\\\/eventkit.ch\\\/\"},{\"@type\":\"ListItem\",\"position\":2,\"name\":\"Impressum\"}]},{\"@type\":\"WebSite\",\"@id\":\"https:\\\/\\\/eventkit.ch\\\/#website\",\"url\":\"https:\\\/\\\/eventkit.ch\\\/\",\"name\":\"EventKit\",\"description\":\"Nachhaltigkeit, die wirkt: Dein Event im Check.\",\"publisher\":{\"@id\":\"https:\\\/\\\/eventkit.ch\\\/#organization\"},\"potentialAction\":[{\"@type\":\"SearchAction\",\"target\":{\"@type\":\"EntryPoint\",\"urlTemplate\":\"https:\\\/\\\/eventkit.ch\\\/?s={search_term_string}\"},\"query-input\":{\"@type\":\"PropertyValueSpecification\",\"valueRequired\":true,\"valueName\":\"search_term_string\"}}],\"inLanguage\":\"de\"},{\"@type\":\"Organization\",\"@id\":\"https:\\\/\\\/eventkit.ch\\\/#organization\",\"name\":\"EventKit\",\"url\":\"https:\\\/\\\/eventkit.ch\\\/\",\"logo\":{\"@type\":\"ImageObject\",\"inLanguage\":\"de\",\"@id\":\"https:\\\/\\\/eventkit.ch\\\/#\\\/schema\\\/logo\\\/image\\\/\",\"url\":\"https:\\\/\\\/eventkit.ch\\\/wp-content\\\/uploads\\\/2025\\\/11\\\/android-icon-144x144-1.png\",\"contentUrl\":\"https:\\\/\\\/eventkit.ch\\\/wp-content\\\/uploads\\\/2025\\\/11\\\/android-icon-144x144-1.png\",\"width\":144,\"height\":144,\"caption\":\"EventKit\"},\"image\":{\"@id\":\"https:\\\/\\\/eventkit.ch\\\/#\\\/schema\\\/logo\\\/image\\\/\"}}]}<\/script>\n<!-- \/ Yoast SEO plugin. -->","yoast_head_json":{"title":"Impressum - EventKit","robots":{"index":"index","follow":"follow","max-snippet":"max-snippet:-1","max-image-preview":"max-image-preview:large","max-video-preview":"max-video-preview:-1"},"canonical":"https:\/\/eventkit.ch\/?page_id=757","og_locale":"de_DE","og_type":"article","og_title":"Impressum - EventKit","og_description":"Kontaktadresse Schweizer Verband f\u00fcr nachhaltige Events SVNEc\/o pluswert GmbHSt. Johanns Vorstadt 34056 BaselSchweiz E-Mail: info@eventkit.chWebseite: www.eventkit.ch Vertretungsberechtigte PersonenMarianne Gehring (Pr\u00e4sidentin SVNE) Projektbeteiligte &amp; RealisierungDieses Web-Tool ist das Nachfolgeprojekt der Plattform saubere-veranstaltung.ch. Rechtliche Hinweise HaftungsausschlussDie Autoren \u00fcbernehmen keinerlei Gew\u00e4hr hinsichtlich der inhaltlichen Richtigkeit, Genauigkeit, Aktualit\u00e4t, Zuverl\u00e4ssigkeit und Vollst\u00e4ndigkeit der Informationen. Haftungsanspr\u00fcche gegen die Autoren wegen Sch\u00e4den [&hellip;]","og_url":"https:\/\/eventkit.ch\/?page_id=757","og_site_name":"EventKit","article_modified_time":"2026-02-26T14:39:43+00:00","og_image":[{"width":2560,"height":1710,"url":"https:\/\/eventkit.ch\/wp-content\/uploads\/2025\/11\/3FrauenSVNE_ASMD-1-scaled.jpg","type":"image\/jpeg"}],"twitter_card":"summary_large_image","twitter_misc":{"Gesch\u00e4tzte Lesezeit":"2\u00a0Minuten"},"schema":{"@context":"https:\/\/schema.org","@graph":[{"@type":"WebPage","@id":"https:\/\/eventkit.ch\/?page_id=757","url":"https:\/\/eventkit.ch\/?page_id=757","name":"Impressum - EventKit","isPartOf":{"@id":"https:\/\/eventkit.ch\/#website"},"datePublished":"2025-11-18T14:26:45+00:00","dateModified":"2026-02-26T14:39:43+00:00","breadcrumb":{"@id":"https:\/\/eventkit.ch\/?page_id=757#breadcrumb"},"inLanguage":"de","potentialAction":[{"@type":"ReadAction","target":["https:\/\/eventkit.ch\/?page_id=757"]}]},{"@type":"BreadcrumbList","@id":"https:\/\/eventkit.ch\/?page_id=757#breadcrumb","itemListElement":[{"@type":"ListItem","position":1,"name":"Home","item":"https:\/\/eventkit.ch\/"},{"@type":"ListItem","position":2,"name":"Impressum"}]},{"@type":"WebSite","@id":"https:\/\/eventkit.ch\/#website","url":"https:\/\/eventkit.ch\/","name":"EventKit","description":"Nachhaltigkeit, die wirkt: Dein Event im Check.","publisher":{"@id":"https:\/\/eventkit.ch\/#organization"},"potentialAction":[{"@type":"SearchAction","target":{"@type":"EntryPoint","urlTemplate":"https:\/\/eventkit.ch\/?s={search_term_string}"},"query-input":{"@type":"PropertyValueSpecification","valueRequired":true,"valueName":"search_term_string"}}],"inLanguage":"de"},{"@type":"Organization","@id":"https:\/\/eventkit.ch\/#organization","name":"EventKit","url":"https:\/\/eventkit.ch\/","logo":{"@type":"ImageObject","inLanguage":"de","@id":"https:\/\/eventkit.ch\/#\/schema\/logo\/image\/","url":"https:\/\/eventkit.ch\/wp-content\/uploads\/2025\/11\/android-icon-144x144-1.png","contentUrl":"https:\/\/eventkit.ch\/wp-content\/uploads\/2025\/11\/android-icon-144x144-1.png","width":144,"height":144,"caption":"EventKit"},"image":{"@id":"https:\/\/eventkit.ch\/#\/schema\/logo\/image\/"}}]}},"_links":{"self":[{"href":"https:\/\/eventkit.ch\/index.php?rest_route=\/wp\/v2\/pages\/757","targetHints":{"allow":["GET"]}}],"collection":[{"href":"https:\/\/eventkit.ch\/index.php?rest_route=\/wp\/v2\/pages"}],"about":[{"href":"https:\/\/eventkit.ch\/index.php?rest_route=\/wp\/v2\/types\/page"}],"author":[{"embeddable":true,"href":"https:\/\/eventkit.ch\/index.php?rest_route=\/wp\/v2\/users\/1"}],"replies":[{"embeddable":true,"href":"https:\/\/eventkit.ch\/index.php?rest_route=%2Fwp%2Fv2%2Fcomments&post=757"}],"version-history":[{"count":6,"href":"https:\/\/eventkit.ch\/index.php?rest_route=\/wp\/v2\/pages\/757\/revisions"}],"predecessor-version":[{"id":3645,"href":"https:\/\/eventkit.ch\/index.php?rest_route=\/wp\/v2\/pages\/757\/revisions\/3645"}],"wp:attachment":[{"href":"https:\/\/eventkit.ch\/index.php?rest_route=%2Fwp%2Fv2%2Fmedia&parent=757"}],"curies":[{"name":"wp","href":"https:\/\/api.w.org\/{rel}","templated":true}]}}