{"id":733,"date":"2025-11-18T14:00:00","date_gmt":"2025-11-18T14:00:00","guid":{"rendered":"https:\/\/eventkit.ch\/?page_id=733"},"modified":"2026-04-13T11:57:37","modified_gmt":"2026-04-13T09:57:37","slug":"faq","status":"publish","type":"page","link":"https:\/\/eventkit.ch\/?page_id=733","title":{"rendered":"Faq"},"content":{"rendered":"<section class=\"wp-block-group has-secondary-font-family has-24-font-size is-layout-constrained wp-container-core-group-is-layout-5bac8a7f wp-block-group-is-layout-constrained\" style=\"padding-top:var(--wp--preset--spacing--80);padding-bottom:var(--wp--preset--spacing--80)\"><figure class=\"wp-block-image aligncenter size-full\"><img decoding=\"async\" src=\"https:\/\/eventkit.ch\/wp-content\/themes\/eventkit-wp\/assets\/images\/pattern\/faq.png\" alt=\"\" class=\"wp-image-566\"\/><\/figure>\n\n<h2 class=\"wp-block-heading has-text-align-center has-56-font-size\">FAQs<\/h2>\n\n<p class=\"has-text-align-center\">Alles, was Sie \u00fcber Eventkit wissen m\u00fcssen<\/p>\n\n<div class=\"wp-block-sub-search-by-accordion search-by-accordion\" id=\"search-accordion-e0f29e69-d84a-4bbf-8363-eb5a24704825\" data-target-ids=\"\" data-default-message=\"Start typing to filter accordion items.\"><div class=\"search-by-accordion__field\"><input id=\"search-accordion-e0f29e69-d84a-4bbf-8363-eb5a24704825-input\" class=\"search-by-accordion__input\" type=\"search\" autocomplete=\"off\" spellcheck=\"false\" placeholder=\"Durchsuchen Sie die FAQs nach Stichwort, Thema oder Frage\u2026\" aria-describedby=\"search-accordion-e0f29e69-d84a-4bbf-8363-eb5a24704825-status\"\/><\/div><div id=\"search-accordion-e0f29e69-d84a-4bbf-8363-eb5a24704825-status\" class=\"search-by-accordion__status\" aria-live=\"polite\">Start typing to filter accordion items.<\/div><\/div><\/section><section class=\"wp-block-group alignfull has-background is-layout-constrained wp-block-group-is-layout-constrained\" style=\"background-color:#f6f6ea\"><div class=\"wp-block-sub-tabs tabs is-style-scroll-to\" id=\"tabs-676404a5-a0ce-4c77-b32c-347a0187cf30\"><div class=\"tab-nav-col\"><div class=\"tab-nav-holder\"><div class=\"tab-filter-name\">Nach Thema filtern<\/div><ul class=\"nav tab-nav\" role=\"tablist\"><li class=\"nav-item\" role=\"presentation\"><button class=\"nav-link active\" id=\"tab-0-tabs-676404a5-a0ce-4c77-b32c-347a0187cf30\" data-bs-toggle=\"tab\" data-bs-target=\"#tab-pane-0-tabs-676404a5-a0ce-4c77-b32c-347a0187cf30\" type=\"button\" role=\"tab\" aria-controls=\"tab-pane-0-tabs-676404a5-a0ce-4c77-b32c-347a0187cf30\" aria-selected=\"true\">Allgemeine Nutzung<\/button><\/li><li class=\"nav-item\" role=\"presentation\"><button class=\"nav-link\" id=\"tab-1-tabs-676404a5-a0ce-4c77-b32c-347a0187cf30\" data-bs-toggle=\"tab\" data-bs-target=\"#tab-pane-1-tabs-676404a5-a0ce-4c77-b32c-347a0187cf30\" type=\"button\" role=\"tab\" aria-controls=\"tab-pane-1-tabs-676404a5-a0ce-4c77-b32c-347a0187cf30\" aria-selected=\"false\">Nutzung Logo und Eventprofil-QR-Code<\/button><\/li><li class=\"nav-item\" role=\"presentation\"><button class=\"nav-link\" id=\"tab-2-tabs-676404a5-a0ce-4c77-b32c-347a0187cf30\" data-bs-toggle=\"tab\" data-bs-target=\"#tab-pane-2-tabs-676404a5-a0ce-4c77-b32c-347a0187cf30\" type=\"button\" role=\"tab\" aria-controls=\"tab-pane-2-tabs-676404a5-a0ce-4c77-b32c-347a0187cf30\" aria-selected=\"false\">Nachhaltigkeits-Check &amp; Bewertung<\/button><\/li><\/ul><\/div><\/div><div class=\"tab-content\" id=\"tab-content-tabs-676404a5-a0ce-4c77-b32c-347a0187cf30\"><div role=\"tabpanel\" tabindex=\"0\" aria-labelledby=\"tab-0-tabs-676404a5-a0ce-4c77-b32c-347a0187cf30\" id=\"tab-pane-0-tabs-676404a5-a0ce-4c77-b32c-347a0187cf30\" class=\"tab-pane fade show active\"><div class=\"heading\">Allgemeine Nutzung<\/div><div class=\"tab-pane-content-holder\"><div class=\"wp-block-sub-accordion accordion\" id=\"accordion-aa8ef570-7453-4eb0-be6a-4a37752d9b92\"><div class=\"wp-block-sub-accordion-item accordion-item\" id=\"ad8ab63b-615a-4db3-b674-4f5d1ad5737e\"><h2 class=\"accordion-header m-0\" id=\"heading-ad8ab63b-615a-4db3-b674-4f5d1ad5737e\"><button class=\"accordion-button collapsed\" type=\"button\" data-bs-target=\"#collapse-ad8ab63b-615a-4db3-b674-4f5d1ad5737e\" data-bs-toggle=\"collapse\" aria-controls=\"collapse-ad8ab63b-615a-4db3-b674-4f5d1ad5737e\" aria-expanded=\"false\">Wie erstelle ich einen neuen Event?<\/button><\/h2><div class=\"accordion-collapse collapse\" id=\"collapse-ad8ab63b-615a-4db3-b674-4f5d1ad5737e\" aria-labelledby=\"heading-ad8ab63b-615a-4db3-b674-4f5d1ad5737e\" data-bs-parent=\"#accordion-aa8ef570-7453-4eb0-be6a-4a37752d9b92\"><div class=\"card-body\"><p>Um einen neuen Event zu erstellen, gehe zum Bereich \u201eMeine Events\u201c und klicke auf \u201eNeues Event erstellen\u201c. Du wirst durch einen einfachen f\u00fcnfstufigen Prozess gef\u00fchrt: 1. Level w\u00e4hlen 2. Eingabe allgemeiner Informationen, 3. Ausf\u00fcllen Massnahmen 4. \u00dcberpr\u00fcfung deiner Angaben 5. Ver\u00f6ffentlichen der Ergebnisse.<\/p><\/div><\/div><\/div>\n\n<div class=\"wp-block-sub-accordion-item accordion-item\" id=\"2eeae76d-05a0-41be-bfe7-c1d45bf097f5\"><h2 class=\"accordion-header m-0\" id=\"heading-2eeae76d-05a0-41be-bfe7-c1d45bf097f5\"><button class=\"accordion-button collapsed\" type=\"button\" data-bs-target=\"#collapse-2eeae76d-05a0-41be-bfe7-c1d45bf097f5\" data-bs-toggle=\"collapse\" aria-controls=\"collapse-2eeae76d-05a0-41be-bfe7-c1d45bf097f5\" aria-expanded=\"false\">Kann ich mein Event nach der Einreichung bearbeiten oder l\u00f6schen?<\/button><\/h2><div class=\"accordion-collapse collapse\" id=\"collapse-2eeae76d-05a0-41be-bfe7-c1d45bf097f5\" aria-labelledby=\"heading-2eeae76d-05a0-41be-bfe7-c1d45bf097f5\" data-bs-parent=\"#accordion-aa8ef570-7453-4eb0-be6a-4a37752d9b92\"><div class=\"card-body\"><p>Ja, jederzeit. Dies ist in der \u00dcbersicht &#8222;Meine Events&#8220; m\u00f6glich. Unter den Kreisdiagrammen rechts befindet sich ein Symbol &#8222;Papierkorb&#8220; zum L\u00f6schen und daneben die Buttons &#8222;Duplizieren&#8220; oder &#8222;Bearbeiten&#8220;.<\/p><\/div><\/div><\/div>\n\n<div class=\"wp-block-sub-accordion-item accordion-item\" id=\"cd6ec963-cad8-4159-afe2-e86d5fd65fb0\"><h2 class=\"accordion-header m-0\" id=\"heading-cd6ec963-cad8-4159-afe2-e86d5fd65fb0\"><button class=\"accordion-button collapsed\" type=\"button\" data-bs-target=\"#collapse-cd6ec963-cad8-4159-afe2-e86d5fd65fb0\" data-bs-toggle=\"collapse\" aria-controls=\"collapse-cd6ec963-cad8-4159-afe2-e86d5fd65fb0\" aria-expanded=\"false\">Wie w\u00e4hle ich aus, wer mein Event sehen kann (\u00f6ffentlich vs. privat)?<\/button><\/h2><div class=\"accordion-collapse collapse\" id=\"collapse-cd6ec963-cad8-4159-afe2-e86d5fd65fb0\" aria-labelledby=\"heading-cd6ec963-cad8-4159-afe2-e86d5fd65fb0\" data-bs-parent=\"#accordion-aa8ef570-7453-4eb0-be6a-4a37752d9b92\"><div class=\"card-body\"><p>Du kannst im letzten Schritt des Formulars entscheiden, ob du dein Event ver\u00f6ffentlichen m\u00f6chtest oder auf nur f\u00fcr dich (&#8222;privat&#8220;) sichtbar machst. Unter dem Feld &#8222;Datenschutz verwalten&#8220; kannst du genauere Einstellungen vornehmen. Diese gelten nur f\u00fcr \u00f6ffentliche Veranstaltungen. Wenn du die Veranstaltung im letzten Schritt auf&nbsp;&#8222;<strong>privat<\/strong>&#8220;&nbsp;setzt, werden diese Informationen automatisch ausgeblendet. <\/p><\/div><\/div><\/div>\n\n<div class=\"wp-block-sub-accordion-item accordion-item\" id=\"bdd10aa9-b1a0-44ea-91e4-cceadd23f008\"><h2 class=\"accordion-header m-0\" id=\"heading-bdd10aa9-b1a0-44ea-91e4-cceadd23f008\"><button class=\"accordion-button collapsed\" type=\"button\" data-bs-target=\"#collapse-bdd10aa9-b1a0-44ea-91e4-cceadd23f008\" data-bs-toggle=\"collapse\" aria-controls=\"collapse-bdd10aa9-b1a0-44ea-91e4-cceadd23f008\" aria-expanded=\"false\">Kann ich ein fr\u00fcheres Event duplizieren?<\/button><\/h2><div class=\"accordion-collapse collapse\" id=\"collapse-bdd10aa9-b1a0-44ea-91e4-cceadd23f008\" aria-labelledby=\"heading-bdd10aa9-b1a0-44ea-91e4-cceadd23f008\" data-bs-parent=\"#accordion-aa8ef570-7453-4eb0-be6a-4a37752d9b92\"><div class=\"card-body\"><p>Dies ist in der \u00dcbersicht &#8222;Meine Events&#8220; m\u00f6glich. Unter den Kreisdiagrammen rechts befindet sich ein Button &#8222;Duplizieren&#8220;.<\/p><\/div><\/div><\/div><\/div><\/div><\/div>\n\n<div role=\"tabpanel\" tabindex=\"0\" aria-labelledby=\"tab-1-tabs-676404a5-a0ce-4c77-b32c-347a0187cf30\" id=\"tab-pane-0-tabs-676404a5-a0ce-4c77-b32c-347a0187cf30\" class=\"tab-pane fade\"><div class=\"heading\">Nutzung Logo und Eventprofil-QR-Code<\/div><div class=\"tab-pane-content-holder\"><div class=\"wp-block-sub-accordion accordion\" id=\"accordion-aa8ef570-7453-4eb0-be6a-4a37752d9b92\"><div class=\"wp-block-sub-accordion-item accordion-item\" id=\"ad8ab63b-615a-4db3-b674-4f5d1ad5737e\"><h2 class=\"accordion-header m-0\" id=\"heading-ad8ab63b-615a-4db3-b674-4f5d1ad5737e\"><button class=\"accordion-button collapsed\" type=\"button\" data-bs-target=\"#collapse-ad8ab63b-615a-4db3-b674-4f5d1ad5737e\" data-bs-toggle=\"collapse\" aria-controls=\"collapse-ad8ab63b-615a-4db3-b674-4f5d1ad5737e\" aria-expanded=\"false\">Wie nutze ich den QR-Code?<\/button><\/h2><div class=\"accordion-collapse collapse\" id=\"collapse-ad8ab63b-615a-4db3-b674-4f5d1ad5737e\" aria-labelledby=\"heading-ad8ab63b-615a-4db3-b674-4f5d1ad5737e\" data-bs-parent=\"#accordion-aa8ef570-7453-4eb0-be6a-4a37752d9b92\"><div class=\"card-body\"><p>Nachdem du ein Event erstellt und die Kriterienliste vollst\u00e4ndig ausgef\u00fcllt hast, wird dein Eventprofil generiert. Im Reiter &#8222;Event-Informationen&#8220; und im untersten Feld &#8222;Eventprofil und QR-Code zum Teilen&#8220; kannst du es als PDF oder in Form eines QR-Codes mit integriertem Logo herunterladen. Im Styleguide sind die genauen Richtlinien zur Verwendung beschrieben. Danke f\u00fcr die Anwendung unter der Ber\u00fccksichtigung der Vorgaben.<\/p>\n\n<figure class=\"wp-block-image size-large is-resized\"><img loading=\"lazy\" decoding=\"async\" width=\"1024\" height=\"409\" src=\"https:\/\/eventkit.ch\/wp-content\/uploads\/2026\/02\/Logo_Eventkit_QR_Code_farbig_DE-1024x409.png\" alt=\"\" class=\"wp-image-3394\" style=\"width:300px\" srcset=\"https:\/\/eventkit.ch\/wp-content\/uploads\/2026\/02\/Logo_Eventkit_QR_Code_farbig_DE-1024x409.png 1024w, https:\/\/eventkit.ch\/wp-content\/uploads\/2026\/02\/Logo_Eventkit_QR_Code_farbig_DE-300x120.png 300w, https:\/\/eventkit.ch\/wp-content\/uploads\/2026\/02\/Logo_Eventkit_QR_Code_farbig_DE-768x306.png 768w, https:\/\/eventkit.ch\/wp-content\/uploads\/2026\/02\/Logo_Eventkit_QR_Code_farbig_DE.png 1143w\" sizes=\"auto, (max-width: 1024px) 100vw, 1024px\" \/><\/figure>\n\n<div class=\"wp-block-buttons is-layout-flex wp-block-buttons-is-layout-flex\"><div class=\"wp-block-button\"><a class=\"wp-block-button__link has-white-color has-primary-background-color has-text-color has-background has-link-color wp-element-button\" href=\"https:\/\/eventkit.ch\/wp-content\/uploads\/2026\/02\/Eventkit_styleguide_de_fr_260206.pdf\" target=\"_blank\" rel=\"noreferrer noopener\">Styleguide<\/a><\/div><\/div><\/div><\/div><\/div>\n\n<div class=\"wp-block-sub-accordion-item accordion-item\" id=\"Download-Logos\"><h2 class=\"accordion-header m-0\" id=\"heading-Download-Logos\"><button class=\"accordion-button collapsed\" type=\"button\" data-bs-target=\"#collapse-Download-Logos\" data-bs-toggle=\"collapse\" aria-controls=\"collapse-Download-Logos\" aria-expanded=\"false\">Wie kann ich das Logo von Eventkit nutzen?<\/button><\/h2><div class=\"accordion-collapse collapse\" id=\"collapse-Download-Logos\" aria-labelledby=\"heading-Download-Logos\" data-bs-parent=\"#accordion-aa8ef570-7453-4eb0-be6a-4a37752d9b92\"><div class=\"card-body\"><p>Du kannst das Logo von Eventkit verwenden, wenn du mindestens ein Eventprofil ver\u00f6ffentlicht hast. Bitte halte dich an die Richtlinien in unserem Styleguide. Die Logos f\u00fcr die Verwendung zum Druck (cmyk) oder Web (rgb) findest du hier zum Download. Danke f\u00fcr die Anwendung unter der Ber\u00fccksichtigung der Vorgaben.<\/p>\n\n<p><\/p>\n\n<div class=\"wp-block-buttons is-layout-flex wp-block-buttons-is-layout-flex\"><div class=\"wp-block-button\"><a class=\"wp-block-button__link has-white-color has-primary-background-color has-text-color has-background has-link-color wp-element-button\" href=\"https:\/\/eventkit.ch\/wp-content\/uploads\/2026\/02\/Logos-Eventkit.zip\" target=\"_blank\" rel=\"noreferrer noopener\">Logos zum Download<\/a><\/div>\n\n<div class=\"wp-block-button\"><a class=\"wp-block-button__link has-white-color has-primary-background-color has-text-color has-background has-link-color wp-element-button\" href=\"https:\/\/eventkit.ch\/wp-content\/uploads\/2026\/02\/Eventkit_styleguide_de_fr_260206.pdf\" target=\"_blank\" rel=\"noreferrer noopener\">Styleguide<\/a><\/div><\/div><\/div><\/div><\/div><\/div><\/div><\/div>\n\n<div role=\"tabpanel\" tabindex=\"0\" aria-labelledby=\"tab-2-tabs-676404a5-a0ce-4c77-b32c-347a0187cf30\" id=\"tab-pane-1-tabs-676404a5-a0ce-4c77-b32c-347a0187cf30\" class=\"tab-pane fade\"><div class=\"heading\">Nachhaltigkeits-Check &amp; Bewertung<\/div><div class=\"tab-pane-content-holder\"><div class=\"wp-block-sub-accordion accordion\" id=\"accordion-321c24bf-162c-4624-9a86-16599297af3c\"><div class=\"wp-block-sub-accordion-item accordion-item\" id=\"19994875-c606-47ed-ba08-11794cf82b72\"><h2 class=\"accordion-header m-0\" id=\"heading-19994875-c606-47ed-ba08-11794cf82b72\"><button class=\"accordion-button collapsed\" type=\"button\" data-bs-target=\"#collapse-19994875-c606-47ed-ba08-11794cf82b72\" data-bs-toggle=\"collapse\" aria-controls=\"collapse-19994875-c606-47ed-ba08-11794cf82b72\" aria-expanded=\"false\">Was ist die Kriterienliste und warum ist sie wichtig?<\/button><\/h2><div class=\"accordion-collapse collapse\" id=\"collapse-19994875-c606-47ed-ba08-11794cf82b72\" aria-labelledby=\"heading-19994875-c606-47ed-ba08-11794cf82b72\" data-bs-parent=\"#accordion-321c24bf-162c-4624-9a86-16599297af3c\"><div class=\"card-body\"><p>Die Kriterienliste unseres Nachhaltigkeit-Cheks umfasst 58 Nachhaltigkeitskriterien in 9 Themenfelder. Sie bilden die wichtigsten Aspekte der Nachhaltigkeit ab, welche bei der Organisation einer m\u00f6glichst nachhaltigen Veranstaltung ber\u00fccksicht werden sollten. Entwickelt wurden die Kriterien in Zusammenarbeit mit Expert:innen und unter Ber\u00fccksichtigung von anderen Nachhaltigkeitsplattformen und -empfehlungen f\u00fcr Events im In- und Ausland. Der Schweizer Verband f\u00fcr nachhaltige Events aktualisiert die Kriterienliste alle 2-3 Jahre.<\/p><\/div><\/div><\/div>\n\n<div class=\"wp-block-sub-accordion-item accordion-item\" id=\"0f54185e-e547-4473-befd-4763d8084050\"><h2 class=\"accordion-header m-0\" id=\"heading-0f54185e-e547-4473-befd-4763d8084050\"><button class=\"accordion-button collapsed\" type=\"button\" data-bs-target=\"#collapse-0f54185e-e547-4473-befd-4763d8084050\" data-bs-toggle=\"collapse\" aria-controls=\"collapse-0f54185e-e547-4473-befd-4763d8084050\" aria-expanded=\"false\">Wie wird meine Nachhaltigkeitsbewertung berechnet?<\/button><\/h2><div class=\"accordion-collapse collapse\" id=\"collapse-0f54185e-e547-4473-befd-4763d8084050\" aria-labelledby=\"heading-0f54185e-e547-4473-befd-4763d8084050\" data-bs-parent=\"#accordion-321c24bf-162c-4624-9a86-16599297af3c\"><div class=\"card-body\"><p>Je nach umgesetzter Massnahme und Erf\u00fcllungsgrad der 58 Kriterien erh\u00e4lt dein Event Punkte. Die maximale Punktezahl betr\u00e4gt 340. 27 Kriterien werden doppelt gewichtet, weil dort die Wirkung auf die Nachhaltigkeit besonders gross ist. Bei diesen Hauptkriterien haben wir Zielwerte definiert. Ein Zielwert bei der Verpflegung ist z.B. &#8222;50-75% der am Event angebotenen Gerichte sind vegetarisch und\/oder vegan&#8220;. In die Gesamtbewertung des Events fliessen sowohl die Punkteanzahl wie der Erf\u00fcllungsgrad der Hauptkriterien ein. Kriterien, die du als nicht zutreffend markiert hast, werden nicht gez\u00e4hlt.<\/p>\n\n<p><\/p>\n\n<div class=\"wp-block-buttons is-layout-flex wp-block-buttons-is-layout-flex\"><div class=\"wp-block-button\"><a class=\"wp-block-button__link has-white-color has-green-secondary-background-color has-text-color has-background has-link-color wp-element-button\" href=\"https:\/\/eventkit.ch\/wp-content\/uploads\/2026\/02\/Nachhaltigkeitsbewertung-Eventkit.pdf\" target=\"_blank\" rel=\"noreferrer noopener\">Informationen zur Berechnung<\/a><\/div><\/div><\/div><\/div><\/div>\n\n<div class=\"wp-block-sub-accordion-item accordion-item\" id=\"f44ab8b8-5041-4462-9209-a3b4ec74f1d9\"><h2 class=\"accordion-header m-0\" id=\"heading-f44ab8b8-5041-4462-9209-a3b4ec74f1d9\"><button class=\"accordion-button collapsed\" type=\"button\" data-bs-target=\"#collapse-f44ab8b8-5041-4462-9209-a3b4ec74f1d9\" data-bs-toggle=\"collapse\" aria-controls=\"collapse-f44ab8b8-5041-4462-9209-a3b4ec74f1d9\" aria-expanded=\"false\">Was bedeutet \u201eNicht zutreffend\u201c bei den Kriterien?<\/button><\/h2><div class=\"accordion-collapse collapse\" id=\"collapse-f44ab8b8-5041-4462-9209-a3b4ec74f1d9\" aria-labelledby=\"heading-f44ab8b8-5041-4462-9209-a3b4ec74f1d9\" data-bs-parent=\"#accordion-321c24bf-162c-4624-9a86-16599297af3c\"><div class=\"card-body\"><p>Falls ein Kriterium f\u00fcr deine Veranstaltung nicht relevant ist (z.B. wenn dein Event kein Catering anbietest oder kein Strom ben\u00f6tigst), dann kann du bei dem entsprechenden Kriterium in unserem Nachhaltigkeits-Check &#8222;nicht zutreffend&#8220; angeben. Dieses Kriterium f\u00e4llt dann aus der Gesamtbewertung heraus, die Gesamtpunktezahl wird angepasst, daher entsteht kein Punkteabzug. Wir bitten dich einen Kommentar hinzuzuf\u00fcgen, in dem du angibst, warum dieses Kriterium nicht relevant ist.<\/p><\/div><\/div><\/div>\n\n<div class=\"wp-block-sub-accordion-item accordion-item\" id=\"db527eae-479e-4316-94f4-f331d270b80e\"><h2 class=\"accordion-header m-0\" id=\"heading-db527eae-479e-4316-94f4-f331d270b80e\"><button class=\"accordion-button collapsed\" type=\"button\" data-bs-target=\"#collapse-db527eae-479e-4316-94f4-f331d270b80e\" data-bs-toggle=\"collapse\" aria-controls=\"collapse-db527eae-479e-4316-94f4-f331d270b80e\" aria-expanded=\"false\">Wie viele Punkte ben\u00f6tige ich, um als nachhaltig zu gelten?<\/button><\/h2><div class=\"accordion-collapse collapse\" id=\"collapse-db527eae-479e-4316-94f4-f331d270b80e\" aria-labelledby=\"heading-db527eae-479e-4316-94f4-f331d270b80e\" data-bs-parent=\"#accordion-321c24bf-162c-4624-9a86-16599297af3c\"><div class=\"card-body\"><p>Wir unterscheiden nicht zwischen nachhaltigen und nicht nachhaltigen Veranstaltungen. Wir m\u00f6chten alle Events und Organisationskomitees einladen, sich mit Nachhaltigkeit auseinanderzusetzen. Je mehr Events Nachhaltigkeitsmassnahmen umsetzen, umso besser.<\/p><\/div><\/div><\/div><\/div><\/div><\/div><\/div><\/div><\/section>","protected":false},"excerpt":{"rendered":"<p>FAQs Alles, was Sie \u00fcber Eventkit wissen m\u00fcssen<\/p>\n","protected":false},"author":1,"featured_media":0,"parent":0,"menu_order":0,"comment_status":"closed","ping_status":"closed","template":"page-no-title","meta":{"_sitemap_exclude":false,"_sitemap_priority":"","_sitemap_frequency":"","footnotes":""},"class_list":["post-733","page","type-page","status-publish","hentry"],"yoast_head":"<!-- This site is optimized with the Yoast SEO plugin v27.3 - https:\/\/yoast.com\/product\/yoast-seo-wordpress\/ -->\n<title>Faq - EventKit<\/title>\n<meta name=\"robots\" content=\"index, follow, max-snippet:-1, max-image-preview:large, max-video-preview:-1\" \/>\n<link rel=\"canonical\" href=\"https:\/\/eventkit.ch\/?page_id=733\" \/>\n<meta property=\"og:locale\" content=\"de_DE\" \/>\n<meta property=\"og:type\" content=\"article\" \/>\n<meta property=\"og:title\" content=\"Faq - EventKit\" \/>\n<meta property=\"og:description\" content=\"FAQs Alles, was Sie \u00fcber Eventkit wissen m\u00fcssen\" \/>\n<meta property=\"og:url\" content=\"https:\/\/eventkit.ch\/?page_id=733\" \/>\n<meta property=\"og:site_name\" content=\"EventKit\" \/>\n<meta property=\"article:modified_time\" content=\"2026-04-13T09:57:37+00:00\" \/>\n<meta property=\"og:image\" content=\"https:\/\/eventkit.ch\/wp-content\/uploads\/2025\/11\/3FrauenSVNE_ASMD-1-scaled.jpg\" \/>\n\t<meta property=\"og:image:width\" content=\"2560\" \/>\n\t<meta property=\"og:image:height\" content=\"1710\" \/>\n\t<meta property=\"og:image:type\" content=\"image\/jpeg\" \/>\n<meta name=\"twitter:card\" content=\"summary_large_image\" \/>\n<meta name=\"twitter:label1\" content=\"Gesch\u00e4tzte Lesezeit\" \/>\n\t<meta name=\"twitter:data1\" content=\"4\u00a0Minuten\" \/>\n<script type=\"application\/ld+json\" class=\"yoast-schema-graph\">{\"@context\":\"https:\\\/\\\/schema.org\",\"@graph\":[{\"@type\":\"WebPage\",\"@id\":\"https:\\\/\\\/eventkit.ch\\\/?page_id=733\",\"url\":\"https:\\\/\\\/eventkit.ch\\\/?page_id=733\",\"name\":\"Faq - EventKit\",\"isPartOf\":{\"@id\":\"https:\\\/\\\/eventkit.ch\\\/#website\"},\"primaryImageOfPage\":{\"@id\":\"https:\\\/\\\/eventkit.ch\\\/?page_id=733#primaryimage\"},\"image\":{\"@id\":\"https:\\\/\\\/eventkit.ch\\\/?page_id=733#primaryimage\"},\"thumbnailUrl\":\"https:\\\/\\\/eventkit.ch\\\/wp-content\\\/themes\\\/eventkit-wp\\\/assets\\\/images\\\/pattern\\\/faq.png\",\"datePublished\":\"2025-11-18T14:00:00+00:00\",\"dateModified\":\"2026-04-13T09:57:37+00:00\",\"breadcrumb\":{\"@id\":\"https:\\\/\\\/eventkit.ch\\\/?page_id=733#breadcrumb\"},\"inLanguage\":\"de\",\"potentialAction\":[{\"@type\":\"ReadAction\",\"target\":[\"https:\\\/\\\/eventkit.ch\\\/?page_id=733\"]}]},{\"@type\":\"ImageObject\",\"inLanguage\":\"de\",\"@id\":\"https:\\\/\\\/eventkit.ch\\\/?page_id=733#primaryimage\",\"url\":\"\",\"contentUrl\":\"\"},{\"@type\":\"BreadcrumbList\",\"@id\":\"https:\\\/\\\/eventkit.ch\\\/?page_id=733#breadcrumb\",\"itemListElement\":[{\"@type\":\"ListItem\",\"position\":1,\"name\":\"Home\",\"item\":\"https:\\\/\\\/eventkit.ch\\\/\"},{\"@type\":\"ListItem\",\"position\":2,\"name\":\"Faq\"}]},{\"@type\":\"WebSite\",\"@id\":\"https:\\\/\\\/eventkit.ch\\\/#website\",\"url\":\"https:\\\/\\\/eventkit.ch\\\/\",\"name\":\"EventKit\",\"description\":\"Nachhaltigkeit, die wirkt: Dein Event im Check.\",\"publisher\":{\"@id\":\"https:\\\/\\\/eventkit.ch\\\/#organization\"},\"potentialAction\":[{\"@type\":\"SearchAction\",\"target\":{\"@type\":\"EntryPoint\",\"urlTemplate\":\"https:\\\/\\\/eventkit.ch\\\/?s={search_term_string}\"},\"query-input\":{\"@type\":\"PropertyValueSpecification\",\"valueRequired\":true,\"valueName\":\"search_term_string\"}}],\"inLanguage\":\"de\"},{\"@type\":\"Organization\",\"@id\":\"https:\\\/\\\/eventkit.ch\\\/#organization\",\"name\":\"EventKit\",\"url\":\"https:\\\/\\\/eventkit.ch\\\/\",\"logo\":{\"@type\":\"ImageObject\",\"inLanguage\":\"de\",\"@id\":\"https:\\\/\\\/eventkit.ch\\\/#\\\/schema\\\/logo\\\/image\\\/\",\"url\":\"https:\\\/\\\/eventkit.ch\\\/wp-content\\\/uploads\\\/2025\\\/11\\\/android-icon-144x144-1.png\",\"contentUrl\":\"https:\\\/\\\/eventkit.ch\\\/wp-content\\\/uploads\\\/2025\\\/11\\\/android-icon-144x144-1.png\",\"width\":144,\"height\":144,\"caption\":\"EventKit\"},\"image\":{\"@id\":\"https:\\\/\\\/eventkit.ch\\\/#\\\/schema\\\/logo\\\/image\\\/\"}}]}<\/script>\n<!-- \/ Yoast SEO plugin. -->","yoast_head_json":{"title":"Faq - EventKit","robots":{"index":"index","follow":"follow","max-snippet":"max-snippet:-1","max-image-preview":"max-image-preview:large","max-video-preview":"max-video-preview:-1"},"canonical":"https:\/\/eventkit.ch\/?page_id=733","og_locale":"de_DE","og_type":"article","og_title":"Faq - EventKit","og_description":"FAQs Alles, was Sie \u00fcber Eventkit wissen m\u00fcssen","og_url":"https:\/\/eventkit.ch\/?page_id=733","og_site_name":"EventKit","article_modified_time":"2026-04-13T09:57:37+00:00","og_image":[{"width":2560,"height":1710,"url":"https:\/\/eventkit.ch\/wp-content\/uploads\/2025\/11\/3FrauenSVNE_ASMD-1-scaled.jpg","type":"image\/jpeg"}],"twitter_card":"summary_large_image","twitter_misc":{"Gesch\u00e4tzte Lesezeit":"4\u00a0Minuten"},"schema":{"@context":"https:\/\/schema.org","@graph":[{"@type":"WebPage","@id":"https:\/\/eventkit.ch\/?page_id=733","url":"https:\/\/eventkit.ch\/?page_id=733","name":"Faq - EventKit","isPartOf":{"@id":"https:\/\/eventkit.ch\/#website"},"primaryImageOfPage":{"@id":"https:\/\/eventkit.ch\/?page_id=733#primaryimage"},"image":{"@id":"https:\/\/eventkit.ch\/?page_id=733#primaryimage"},"thumbnailUrl":"https:\/\/eventkit.ch\/wp-content\/themes\/eventkit-wp\/assets\/images\/pattern\/faq.png","datePublished":"2025-11-18T14:00:00+00:00","dateModified":"2026-04-13T09:57:37+00:00","breadcrumb":{"@id":"https:\/\/eventkit.ch\/?page_id=733#breadcrumb"},"inLanguage":"de","potentialAction":[{"@type":"ReadAction","target":["https:\/\/eventkit.ch\/?page_id=733"]}]},{"@type":"ImageObject","inLanguage":"de","@id":"https:\/\/eventkit.ch\/?page_id=733#primaryimage","url":"","contentUrl":""},{"@type":"BreadcrumbList","@id":"https:\/\/eventkit.ch\/?page_id=733#breadcrumb","itemListElement":[{"@type":"ListItem","position":1,"name":"Home","item":"https:\/\/eventkit.ch\/"},{"@type":"ListItem","position":2,"name":"Faq"}]},{"@type":"WebSite","@id":"https:\/\/eventkit.ch\/#website","url":"https:\/\/eventkit.ch\/","name":"EventKit","description":"Nachhaltigkeit, die wirkt: Dein Event im Check.","publisher":{"@id":"https:\/\/eventkit.ch\/#organization"},"potentialAction":[{"@type":"SearchAction","target":{"@type":"EntryPoint","urlTemplate":"https:\/\/eventkit.ch\/?s={search_term_string}"},"query-input":{"@type":"PropertyValueSpecification","valueRequired":true,"valueName":"search_term_string"}}],"inLanguage":"de"},{"@type":"Organization","@id":"https:\/\/eventkit.ch\/#organization","name":"EventKit","url":"https:\/\/eventkit.ch\/","logo":{"@type":"ImageObject","inLanguage":"de","@id":"https:\/\/eventkit.ch\/#\/schema\/logo\/image\/","url":"https:\/\/eventkit.ch\/wp-content\/uploads\/2025\/11\/android-icon-144x144-1.png","contentUrl":"https:\/\/eventkit.ch\/wp-content\/uploads\/2025\/11\/android-icon-144x144-1.png","width":144,"height":144,"caption":"EventKit"},"image":{"@id":"https:\/\/eventkit.ch\/#\/schema\/logo\/image\/"}}]}},"_links":{"self":[{"href":"https:\/\/eventkit.ch\/index.php?rest_route=\/wp\/v2\/pages\/733","targetHints":{"allow":["GET"]}}],"collection":[{"href":"https:\/\/eventkit.ch\/index.php?rest_route=\/wp\/v2\/pages"}],"about":[{"href":"https:\/\/eventkit.ch\/index.php?rest_route=\/wp\/v2\/types\/page"}],"author":[{"embeddable":true,"href":"https:\/\/eventkit.ch\/index.php?rest_route=\/wp\/v2\/users\/1"}],"replies":[{"embeddable":true,"href":"https:\/\/eventkit.ch\/index.php?rest_route=%2Fwp%2Fv2%2Fcomments&post=733"}],"version-history":[{"count":21,"href":"https:\/\/eventkit.ch\/index.php?rest_route=\/wp\/v2\/pages\/733\/revisions"}],"predecessor-version":[{"id":3764,"href":"https:\/\/eventkit.ch\/index.php?rest_route=\/wp\/v2\/pages\/733\/revisions\/3764"}],"wp:attachment":[{"href":"https:\/\/eventkit.ch\/index.php?rest_route=%2Fwp%2Fv2%2Fmedia&parent=733"}],"curies":[{"name":"wp","href":"https:\/\/api.w.org\/{rel}","templated":true}]}}