{"id":1613,"date":"2025-11-30T17:41:24","date_gmt":"2025-11-30T17:41:24","guid":{"rendered":"https:\/\/eventkit.ch\/?page_id=1613"},"modified":"2026-04-15T14:50:09","modified_gmt":"2026-04-15T12:50:09","slug":"ressources-pour-ta-manifestation","status":"publish","type":"page","link":"https:\/\/eventkit.ch\/?page_id=1613&lang=fr","title":{"rendered":"Ressources"},"content":{"rendered":"<section class=\"wp-block-group has-secondary-font-family has-24-font-size is-layout-constrained wp-container-core-group-is-layout-0cb5522c wp-block-group-is-layout-constrained\" style=\"padding-top:var(--wp--preset--spacing--80);padding-bottom:var(--wp--preset--spacing--80)\"><h1 class=\"wp-block-heading has-text-align-center has-56-font-size\">Ressources<\/h1>\n\n<p class=\"has-text-align-center\">Actualit\u00e9s, informations administratives, bonnes pratiques, calculateur carbone ou encore liste de prestataires: tu trouveras ici de l&#8217;aide, des conseils, des id\u00e9es et des contacts utiles. <\/p><\/section><section class=\"wp-block-group alignfull has-background is-layout-constrained wp-block-group-is-layout-constrained\" id=\"nachhaltigkeitsthemen\" style=\"background-color:#e8e9ca\"><div class=\"wp-bootstrap-blocks-row row\">\n\t\n<div class=\"col-12 col-md-4\">\n\t\t\t\n<div class=\"wp-block-group is-layout-flow wp-block-group-is-layout-flow\"><figure class=\"wp-block-image size-large has-custom-border\"><img loading=\"lazy\" decoding=\"async\" width=\"1024\" height=\"684\" src=\"https:\/\/eventkit.ch\/wp-content\/uploads\/2025\/11\/3FrauenSVNE_ASMD-1-1024x684.jpg\" alt=\"\" class=\"wp-image-1186\" style=\"border-radius:12px\" srcset=\"https:\/\/eventkit.ch\/wp-content\/uploads\/2025\/11\/3FrauenSVNE_ASMD-1-1024x684.jpg 1024w, https:\/\/eventkit.ch\/wp-content\/uploads\/2025\/11\/3FrauenSVNE_ASMD-1-300x200.jpg 300w, https:\/\/eventkit.ch\/wp-content\/uploads\/2025\/11\/3FrauenSVNE_ASMD-1-768x513.jpg 768w, https:\/\/eventkit.ch\/wp-content\/uploads\/2025\/11\/3FrauenSVNE_ASMD-1-1536x1026.jpg 1536w, https:\/\/eventkit.ch\/wp-content\/uploads\/2025\/11\/3FrauenSVNE_ASMD-1-2048x1368.jpg 2048w\" sizes=\"auto, (max-width: 1024px) 100vw, 1024px\" \/><\/figure>\n\n<h2 class=\"wp-block-heading has-46-font-size\">Actualit\u00e9s<\/h2>\n\n<p class=\"has-secondary-font-family has-22-font-size\">Notre blog propose des conseils pratiques, des articles de fond ou encore des t\u00e9moignages. <\/p>\n\n<div class=\"wp-block-buttons is-layout-flex wp-block-buttons-is-layout-flex\"><div class=\"wp-block-button has-custom-width wp-block-button__width-100 is-style-btn-primary is-style-btn-primary--1\"><a class=\"wp-block-button__link wp-element-button\" href=\"https:\/\/saubere-veranstaltung.blog\/fr\/\" target=\"_blank\" rel=\"noreferrer noopener\">Vers le blog<\/a><\/div><\/div><\/div>\n\t<\/div>\n\n<div class=\"col-12 col-md-4\">\n\t\t\t\n<div class=\"wp-block-group is-layout-constrained wp-block-group-is-layout-constrained\"><figure class=\"wp-block-image size-large has-custom-border\"><img loading=\"lazy\" decoding=\"async\" width=\"1024\" height=\"682\" src=\"https:\/\/eventkit.ch\/wp-content\/uploads\/2026\/04\/Gletscherfoto_Christof_pluswert_reduziert-1024x682.jpg\" alt=\"\" class=\"wp-image-3774\" style=\"border-radius:12px\" srcset=\"https:\/\/eventkit.ch\/wp-content\/uploads\/2026\/04\/Gletscherfoto_Christof_pluswert_reduziert-1024x682.jpg 1024w, https:\/\/eventkit.ch\/wp-content\/uploads\/2026\/04\/Gletscherfoto_Christof_pluswert_reduziert-300x200.jpg 300w, https:\/\/eventkit.ch\/wp-content\/uploads\/2026\/04\/Gletscherfoto_Christof_pluswert_reduziert-768x512.jpg 768w, https:\/\/eventkit.ch\/wp-content\/uploads\/2026\/04\/Gletscherfoto_Christof_pluswert_reduziert-1536x1024.jpg 1536w, https:\/\/eventkit.ch\/wp-content\/uploads\/2026\/04\/Gletscherfoto_Christof_pluswert_reduziert.jpg 1772w\" sizes=\"auto, (max-width: 1024px) 100vw, 1024px\" \/><\/figure>\n\n<h2 class=\"wp-block-heading has-46-font-size\">Mesure d&#8217;impact<\/h2>\n\n<p class=\"has-secondary-font-family has-22-font-size\">Calcule l&#8217;empreinte carbone de ta manifestation \u00e0 l&#8217;aide d&#8217;outils sp\u00e9cialement con\u00e7us pour les manifestations sportives et culturelles.<\/p>\n\n<div class=\"wp-block-buttons is-layout-flex wp-block-buttons-is-layout-flex\"><div class=\"wp-block-button has-custom-width wp-block-button__width-100 is-style-btn-primary is-style-btn-primary--2\"><a class=\"wp-block-button__link wp-element-button\" href=\"https:\/\/eventkit.ch\/?page_id=2635&amp;lang=fr\" target=\"_blank\" rel=\"noreferrer noopener\">Continuer<\/a><\/div><\/div><\/div>\n\t<\/div>\n\n<div class=\"col-12 col-md-4\">\n\t\t\t\n<div class=\"wp-block-group is-layout-constrained wp-block-group-is-layout-constrained\"><figure class=\"wp-block-image size-large has-custom-border\"><img loading=\"lazy\" decoding=\"async\" width=\"1024\" height=\"683\" src=\"https:\/\/eventkit.ch\/wp-content\/uploads\/2025\/11\/IMG_9303-copie-1536x1024-1-1024x683.webp\" alt=\"\" class=\"wp-image-1149\" style=\"border-radius:12px\" srcset=\"https:\/\/eventkit.ch\/wp-content\/uploads\/2025\/11\/IMG_9303-copie-1536x1024-1-1024x683.webp 1024w, https:\/\/eventkit.ch\/wp-content\/uploads\/2025\/11\/IMG_9303-copie-1536x1024-1-300x200.webp 300w, https:\/\/eventkit.ch\/wp-content\/uploads\/2025\/11\/IMG_9303-copie-1536x1024-1-768x512.webp 768w, https:\/\/eventkit.ch\/wp-content\/uploads\/2025\/11\/IMG_9303-copie-1536x1024-1.webp 1536w\" sizes=\"auto, (max-width: 1024px) 100vw, 1024px\" \/><\/figure>\n\n<h2 class=\"wp-block-heading has-46-font-size\">Bonnes pratiques<\/h2>\n\n<p class=\"has-secondary-font-family has-22-font-size\">Tu trouveras des exemples inspirants avec des r\u00e9sultats concrets provenant de toute la Suisse.<\/p>\n\n<div class=\"wp-block-buttons is-layout-flex wp-block-buttons-is-layout-flex\"><div class=\"wp-block-button has-custom-width wp-block-button__width-100 is-style-btn-primary is-style-btn-primary--3\"><a class=\"wp-block-button__link has-white-color has-text-color has-link-color wp-element-button\" href=\"https:\/\/eventkit.ch\/?content_type=bonnes-pratiques&amp;lang=fr\" target=\"_blank\" rel=\"noreferrer noopener\">Vers les exemples<\/a><\/div><\/div><\/div>\n\t<\/div>\n<\/div><\/section><section class=\"wp-block-group alignfull has-orange-light-background-color has-background is-layout-constrained wp-block-group-is-layout-constrained\" id=\"nachhaltigkeitsthemen\"><div class=\"wp-bootstrap-blocks-row row\">\n\t\n<div class=\"col-12 col-md-4\">\n\t\t\t\n<div class=\"wp-block-group is-layout-flow wp-block-group-is-layout-flow\"><figure class=\"wp-block-image size-full has-custom-border\"><img loading=\"lazy\" decoding=\"async\" width=\"360\" height=\"240\" src=\"https:\/\/eventkit.ch\/wp-content\/uploads\/2026\/01\/Event-Image-edited.png\" alt=\"\" class=\"wp-image-3235\" style=\"border-radius:12px\" srcset=\"https:\/\/eventkit.ch\/wp-content\/uploads\/2026\/01\/Event-Image-edited.png 360w, https:\/\/eventkit.ch\/wp-content\/uploads\/2026\/01\/Event-Image-edited-300x200.png 300w\" sizes=\"auto, (max-width: 360px) 100vw, 360px\" \/><\/figure>\n\n<h2 class=\"wp-block-heading has-46-font-size\">Contacts utiles<\/h2>\n\n<ul class=\"wp-block-list\"><li class=\"has-secondary-font-family has-22-font-size\">Fournisseurs de produits et de services<\/li>\n\n<li class=\"has-secondary-font-family has-22-font-size\">Certifications et labels<\/li>\n\n<li class=\"has-secondary-font-family has-22-font-size\">Plateformes sp\u00e9cialis\u00e9es<\/li><\/ul>\n\n<div class=\"wp-block-buttons is-layout-flex wp-block-buttons-is-layout-flex\"><div class=\"wp-block-button has-custom-width wp-block-button__width-100 is-style-btn-primary is-style-btn-primary--4\"><a class=\"wp-block-button__link has-secondary-background-color has-background wp-element-button\" href=\"https:\/\/eventkit.ch\/wp-content\/uploads\/2025\/12\/Liste-Dienstleistende-Jan-2026.xlsx\" target=\"_blank\" rel=\"noreferrer noopener\">T\u00e9l\u00e9charger la liste<\/a><\/div><\/div><\/div>\n\t<\/div>\n\n<div class=\"col-12 col-md-4\">\n\t\t\t\n<div class=\"wp-block-group is-layout-constrained wp-block-group-is-layout-constrained\"><figure class=\"wp-block-image size-full is-resized has-custom-border\"><img loading=\"lazy\" decoding=\"async\" width=\"2560\" height=\"1707\" src=\"https:\/\/eventkit.ch\/wp-content\/uploads\/2026\/02\/closeup-business-woman-hand-typing-laptop-keyboard-scaled.jpg\" alt=\"\" class=\"wp-image-3350\" style=\"border-radius:12px;aspect-ratio:1.5004288690111507;width:359px;height:auto\" srcset=\"https:\/\/eventkit.ch\/wp-content\/uploads\/2026\/02\/closeup-business-woman-hand-typing-laptop-keyboard-scaled.jpg 2560w, https:\/\/eventkit.ch\/wp-content\/uploads\/2026\/02\/closeup-business-woman-hand-typing-laptop-keyboard-300x200.jpg 300w, https:\/\/eventkit.ch\/wp-content\/uploads\/2026\/02\/closeup-business-woman-hand-typing-laptop-keyboard-1024x683.jpg 1024w, https:\/\/eventkit.ch\/wp-content\/uploads\/2026\/02\/closeup-business-woman-hand-typing-laptop-keyboard-768x512.jpg 768w, https:\/\/eventkit.ch\/wp-content\/uploads\/2026\/02\/closeup-business-woman-hand-typing-laptop-keyboard-1536x1024.jpg 1536w, https:\/\/eventkit.ch\/wp-content\/uploads\/2026\/02\/closeup-business-woman-hand-typing-laptop-keyboard-2048x1365.jpg 2048w\" sizes=\"auto, (max-width: 2560px) 100vw, 2560px\" \/><\/figure>\n\n<h2 class=\"wp-block-heading has-46-font-size\">Exigences r\u00e9glementaires<\/h2>\n\n<p class=\"has-secondary-font-family has-22-font-size\">Dispositions l\u00e9gales, particularit\u00e9s, informations compl\u00e9mentaires et contacts au niveau cantonal et communal.<\/p>\n\n<div class=\"wp-block-buttons is-layout-flex wp-block-buttons-is-layout-flex\"><div class=\"wp-block-button has-custom-width wp-block-button__width-100 is-style-btn-primary is-style-btn-primary--5\"><a class=\"wp-block-button__link has-secondary-background-color has-background wp-element-button\" href=\"https:\/\/eventkit.ch\/wp-content\/uploads\/2026\/02\/Behoerdenanforderungen_exigences-autorites.pdf\" target=\"_blank\" rel=\"noreferrer noopener\">T\u00e9l\u00e9charger la liste<\/a><\/div><\/div><\/div>\n\t<\/div>\n\n<div class=\"col-12 col-md-4\">\n\t\t\t\t<\/div>\n<\/div><\/section><p><\/p>","protected":false},"excerpt":{"rendered":"<p>Ressources Actualit\u00e9s, informations administratives, bonnes pratiques, calculateur carbone ou encore liste de prestataires: tu trouveras ici de l&#8217;aide, des conseils, des id\u00e9es et des contacts utiles.<\/p>\n","protected":false},"author":2,"featured_media":0,"parent":0,"menu_order":0,"comment_status":"closed","ping_status":"closed","template":"page-no-title","meta":{"_sitemap_exclude":false,"_sitemap_priority":"","_sitemap_frequency":"","footnotes":""},"class_list":["post-1613","page","type-page","status-publish","hentry"],"yoast_head":"<!-- This site is optimized with the Yoast SEO plugin v27.3 - https:\/\/yoast.com\/product\/yoast-seo-wordpress\/ -->\n<title>Ressources<\/title>\n<meta name=\"description\" content=\"Actualit\u00e9s, informations administratives, bonnes pratiques, calculateur carbone ou encore liste de prestataires: tu trouveras ici de l\u2019aide, des conseils, des id\u00e9es et des contacts utiles.\" \/>\n<meta name=\"robots\" content=\"index, follow, max-snippet:-1, max-image-preview:large, max-video-preview:-1\" \/>\n<link rel=\"canonical\" href=\"https:\/\/eventkit.ch\/?page_id=1613&lang=fr\" \/>\n<meta property=\"og:locale\" content=\"de_DE\" \/>\n<meta property=\"og:type\" content=\"article\" \/>\n<meta property=\"og:title\" content=\"Ressources\" \/>\n<meta property=\"og:description\" content=\"Actualit\u00e9s, informations administratives, bonnes pratiques, calculateur carbone ou encore liste de prestataires: tu trouveras ici de l\u2019aide, des conseils, des id\u00e9es et des contacts utiles.\" \/>\n<meta property=\"og:url\" content=\"https:\/\/eventkit.ch\/?page_id=1613&amp;lang=fr\" \/>\n<meta property=\"og:site_name\" content=\"EventKit\" \/>\n<meta property=\"article:modified_time\" content=\"2026-04-15T12:50:09+00:00\" \/>\n<meta property=\"og:image\" content=\"https:\/\/eventkit.ch\/wp-content\/uploads\/2025\/11\/3FrauenSVNE_ASMD-1-scaled.jpg\" \/>\n\t<meta property=\"og:image:width\" content=\"2560\" \/>\n\t<meta property=\"og:image:height\" content=\"1710\" \/>\n\t<meta property=\"og:image:type\" content=\"image\/jpeg\" \/>\n<meta name=\"twitter:card\" content=\"summary_large_image\" \/>\n<meta name=\"twitter:label1\" content=\"Gesch\u00e4tzte Lesezeit\" \/>\n\t<meta name=\"twitter:data1\" content=\"2\u00a0Minuten\" \/>\n<script type=\"application\/ld+json\" class=\"yoast-schema-graph\">{\"@context\":\"https:\\\/\\\/schema.org\",\"@graph\":[{\"@type\":\"WebPage\",\"@id\":\"https:\\\/\\\/eventkit.ch\\\/?page_id=1613&lang=fr\",\"url\":\"https:\\\/\\\/eventkit.ch\\\/?page_id=1613&lang=fr\",\"name\":\"Ressources\",\"isPartOf\":{\"@id\":\"https:\\\/\\\/eventkit.ch\\\/#website\"},\"primaryImageOfPage\":{\"@id\":\"https:\\\/\\\/eventkit.ch\\\/?page_id=1613&lang=fr#primaryimage\"},\"image\":{\"@id\":\"https:\\\/\\\/eventkit.ch\\\/?page_id=1613&lang=fr#primaryimage\"},\"thumbnailUrl\":\"https:\\\/\\\/eventkit.ch\\\/wp-content\\\/uploads\\\/2025\\\/11\\\/3FrauenSVNE_ASMD-1-1024x684.jpg\",\"datePublished\":\"2025-11-30T17:41:24+00:00\",\"dateModified\":\"2026-04-15T12:50:09+00:00\",\"description\":\"Actualit\u00e9s, informations administratives, bonnes pratiques, calculateur carbone ou encore liste de prestataires: tu trouveras ici de l\u2019aide, des conseils, des id\u00e9es et des contacts utiles.\",\"breadcrumb\":{\"@id\":\"https:\\\/\\\/eventkit.ch\\\/?page_id=1613&lang=fr#breadcrumb\"},\"inLanguage\":\"de\",\"potentialAction\":[{\"@type\":\"ReadAction\",\"target\":[\"https:\\\/\\\/eventkit.ch\\\/?page_id=1613&lang=fr\"]}]},{\"@type\":\"ImageObject\",\"inLanguage\":\"de\",\"@id\":\"https:\\\/\\\/eventkit.ch\\\/?page_id=1613&lang=fr#primaryimage\",\"url\":\"https:\\\/\\\/eventkit.ch\\\/wp-content\\\/uploads\\\/2025\\\/11\\\/3FrauenSVNE_ASMD-1-scaled.jpg\",\"contentUrl\":\"https:\\\/\\\/eventkit.ch\\\/wp-content\\\/uploads\\\/2025\\\/11\\\/3FrauenSVNE_ASMD-1-scaled.jpg\",\"width\":2560,\"height\":1710},{\"@type\":\"BreadcrumbList\",\"@id\":\"https:\\\/\\\/eventkit.ch\\\/?page_id=1613&lang=fr#breadcrumb\",\"itemListElement\":[{\"@type\":\"ListItem\",\"position\":1,\"name\":\"Home\",\"item\":\"https:\\\/\\\/eventkit.ch\\\/\"},{\"@type\":\"ListItem\",\"position\":2,\"name\":\"Ressources\"}]},{\"@type\":\"WebSite\",\"@id\":\"https:\\\/\\\/eventkit.ch\\\/#website\",\"url\":\"https:\\\/\\\/eventkit.ch\\\/\",\"name\":\"EventKit\",\"description\":\"Nachhaltigkeit, die wirkt: Dein Event im Check.\",\"publisher\":{\"@id\":\"https:\\\/\\\/eventkit.ch\\\/#organization\"},\"potentialAction\":[{\"@type\":\"SearchAction\",\"target\":{\"@type\":\"EntryPoint\",\"urlTemplate\":\"https:\\\/\\\/eventkit.ch\\\/?s={search_term_string}\"},\"query-input\":{\"@type\":\"PropertyValueSpecification\",\"valueRequired\":true,\"valueName\":\"search_term_string\"}}],\"inLanguage\":\"de\"},{\"@type\":\"Organization\",\"@id\":\"https:\\\/\\\/eventkit.ch\\\/#organization\",\"name\":\"EventKit\",\"url\":\"https:\\\/\\\/eventkit.ch\\\/\",\"logo\":{\"@type\":\"ImageObject\",\"inLanguage\":\"de\",\"@id\":\"https:\\\/\\\/eventkit.ch\\\/#\\\/schema\\\/logo\\\/image\\\/\",\"url\":\"https:\\\/\\\/eventkit.ch\\\/wp-content\\\/uploads\\\/2025\\\/11\\\/android-icon-144x144-1.png\",\"contentUrl\":\"https:\\\/\\\/eventkit.ch\\\/wp-content\\\/uploads\\\/2025\\\/11\\\/android-icon-144x144-1.png\",\"width\":144,\"height\":144,\"caption\":\"EventKit\"},\"image\":{\"@id\":\"https:\\\/\\\/eventkit.ch\\\/#\\\/schema\\\/logo\\\/image\\\/\"}}]}<\/script>\n<!-- \/ Yoast SEO plugin. -->","yoast_head_json":{"title":"Ressources","description":"Actualit\u00e9s, informations administratives, bonnes pratiques, calculateur carbone ou encore liste de prestataires: tu trouveras ici de l\u2019aide, des conseils, des id\u00e9es et des contacts utiles.","robots":{"index":"index","follow":"follow","max-snippet":"max-snippet:-1","max-image-preview":"max-image-preview:large","max-video-preview":"max-video-preview:-1"},"canonical":"https:\/\/eventkit.ch\/?page_id=1613&lang=fr","og_locale":"de_DE","og_type":"article","og_title":"Ressources","og_description":"Actualit\u00e9s, informations administratives, bonnes pratiques, calculateur carbone ou encore liste de prestataires: tu trouveras ici de l\u2019aide, des conseils, des id\u00e9es et des contacts utiles.","og_url":"https:\/\/eventkit.ch\/?page_id=1613&lang=fr","og_site_name":"EventKit","article_modified_time":"2026-04-15T12:50:09+00:00","og_image":[{"width":2560,"height":1710,"url":"https:\/\/eventkit.ch\/wp-content\/uploads\/2025\/11\/3FrauenSVNE_ASMD-1-scaled.jpg","type":"image\/jpeg"}],"twitter_card":"summary_large_image","twitter_misc":{"Gesch\u00e4tzte Lesezeit":"2\u00a0Minuten"},"schema":{"@context":"https:\/\/schema.org","@graph":[{"@type":"WebPage","@id":"https:\/\/eventkit.ch\/?page_id=1613&lang=fr","url":"https:\/\/eventkit.ch\/?page_id=1613&lang=fr","name":"Ressources","isPartOf":{"@id":"https:\/\/eventkit.ch\/#website"},"primaryImageOfPage":{"@id":"https:\/\/eventkit.ch\/?page_id=1613&lang=fr#primaryimage"},"image":{"@id":"https:\/\/eventkit.ch\/?page_id=1613&lang=fr#primaryimage"},"thumbnailUrl":"https:\/\/eventkit.ch\/wp-content\/uploads\/2025\/11\/3FrauenSVNE_ASMD-1-1024x684.jpg","datePublished":"2025-11-30T17:41:24+00:00","dateModified":"2026-04-15T12:50:09+00:00","description":"Actualit\u00e9s, informations administratives, bonnes pratiques, calculateur carbone ou encore liste de prestataires: tu trouveras ici de l\u2019aide, des conseils, des id\u00e9es et des contacts utiles.","breadcrumb":{"@id":"https:\/\/eventkit.ch\/?page_id=1613&lang=fr#breadcrumb"},"inLanguage":"de","potentialAction":[{"@type":"ReadAction","target":["https:\/\/eventkit.ch\/?page_id=1613&lang=fr"]}]},{"@type":"ImageObject","inLanguage":"de","@id":"https:\/\/eventkit.ch\/?page_id=1613&lang=fr#primaryimage","url":"https:\/\/eventkit.ch\/wp-content\/uploads\/2025\/11\/3FrauenSVNE_ASMD-1-scaled.jpg","contentUrl":"https:\/\/eventkit.ch\/wp-content\/uploads\/2025\/11\/3FrauenSVNE_ASMD-1-scaled.jpg","width":2560,"height":1710},{"@type":"BreadcrumbList","@id":"https:\/\/eventkit.ch\/?page_id=1613&lang=fr#breadcrumb","itemListElement":[{"@type":"ListItem","position":1,"name":"Home","item":"https:\/\/eventkit.ch\/"},{"@type":"ListItem","position":2,"name":"Ressources"}]},{"@type":"WebSite","@id":"https:\/\/eventkit.ch\/#website","url":"https:\/\/eventkit.ch\/","name":"EventKit","description":"Nachhaltigkeit, die wirkt: Dein Event im Check.","publisher":{"@id":"https:\/\/eventkit.ch\/#organization"},"potentialAction":[{"@type":"SearchAction","target":{"@type":"EntryPoint","urlTemplate":"https:\/\/eventkit.ch\/?s={search_term_string}"},"query-input":{"@type":"PropertyValueSpecification","valueRequired":true,"valueName":"search_term_string"}}],"inLanguage":"de"},{"@type":"Organization","@id":"https:\/\/eventkit.ch\/#organization","name":"EventKit","url":"https:\/\/eventkit.ch\/","logo":{"@type":"ImageObject","inLanguage":"de","@id":"https:\/\/eventkit.ch\/#\/schema\/logo\/image\/","url":"https:\/\/eventkit.ch\/wp-content\/uploads\/2025\/11\/android-icon-144x144-1.png","contentUrl":"https:\/\/eventkit.ch\/wp-content\/uploads\/2025\/11\/android-icon-144x144-1.png","width":144,"height":144,"caption":"EventKit"},"image":{"@id":"https:\/\/eventkit.ch\/#\/schema\/logo\/image\/"}}]}},"_links":{"self":[{"href":"https:\/\/eventkit.ch\/index.php?rest_route=\/wp\/v2\/pages\/1613","targetHints":{"allow":["GET"]}}],"collection":[{"href":"https:\/\/eventkit.ch\/index.php?rest_route=\/wp\/v2\/pages"}],"about":[{"href":"https:\/\/eventkit.ch\/index.php?rest_route=\/wp\/v2\/types\/page"}],"author":[{"embeddable":true,"href":"https:\/\/eventkit.ch\/index.php?rest_route=\/wp\/v2\/users\/2"}],"replies":[{"embeddable":true,"href":"https:\/\/eventkit.ch\/index.php?rest_route=%2Fwp%2Fv2%2Fcomments&post=1613"}],"version-history":[{"count":17,"href":"https:\/\/eventkit.ch\/index.php?rest_route=\/wp\/v2\/pages\/1613\/revisions"}],"predecessor-version":[{"id":3776,"href":"https:\/\/eventkit.ch\/index.php?rest_route=\/wp\/v2\/pages\/1613\/revisions\/3776"}],"wp:attachment":[{"href":"https:\/\/eventkit.ch\/index.php?rest_route=%2Fwp%2Fv2%2Fmedia&parent=1613"}],"curies":[{"name":"wp","href":"https:\/\/api.w.org\/{rel}","templated":true}]}}