{"id":1183,"date":"2025-11-30T17:41:24","date_gmt":"2025-11-30T17:41:24","guid":{"rendered":"https:\/\/eventkit.ch\/?page_id=1183"},"modified":"2026-04-15T14:49:41","modified_gmt":"2026-04-15T12:49:41","slug":"ressourcen-fuer-dein-event","status":"publish","type":"page","link":"https:\/\/eventkit.ch\/?page_id=1183","title":{"rendered":"Ressourcen"},"content":{"rendered":"<section class=\"wp-block-group has-secondary-font-family has-24-font-size is-layout-constrained wp-container-core-group-is-layout-0cb5522c wp-block-group-is-layout-constrained\" style=\"padding-top:var(--wp--preset--spacing--80);padding-bottom:var(--wp--preset--spacing--80)\"><h1 class=\"wp-block-heading has-text-align-center has-56-font-size\">Ressourcen<\/h1>\n\n<p class=\"has-text-align-center\">Aktuelle Themen, Beh\u00f6rdenvorgaben, Good Practice, Klima-Rechner und Dienstleisterliste. Hier findest du Unterst\u00fctzung, Tipps und L\u00f6sungsideen und kannst dich mit Gleichgesinnten austauschen.<\/p><\/section><section class=\"wp-block-group alignfull has-background is-layout-constrained wp-block-group-is-layout-constrained\" id=\"nachhaltigkeitsthemen\" style=\"background-color:#e8e9ca\"><div class=\"wp-bootstrap-blocks-row row\">\n\t\n<div class=\"col-12 col-md-4\">\n\t\t\t\n<div class=\"wp-block-group is-layout-flow wp-block-group-is-layout-flow\"><figure class=\"wp-block-image size-large has-custom-border\"><img loading=\"lazy\" decoding=\"async\" width=\"1024\" height=\"684\" src=\"https:\/\/eventkit.ch\/wp-content\/uploads\/2025\/11\/3FrauenSVNE_ASMD-1-1024x684.jpg\" alt=\"\" class=\"wp-image-1186\" style=\"border-radius:12px\" srcset=\"https:\/\/eventkit.ch\/wp-content\/uploads\/2025\/11\/3FrauenSVNE_ASMD-1-1024x684.jpg 1024w, https:\/\/eventkit.ch\/wp-content\/uploads\/2025\/11\/3FrauenSVNE_ASMD-1-300x200.jpg 300w, https:\/\/eventkit.ch\/wp-content\/uploads\/2025\/11\/3FrauenSVNE_ASMD-1-768x513.jpg 768w, https:\/\/eventkit.ch\/wp-content\/uploads\/2025\/11\/3FrauenSVNE_ASMD-1-1536x1026.jpg 1536w, https:\/\/eventkit.ch\/wp-content\/uploads\/2025\/11\/3FrauenSVNE_ASMD-1-2048x1368.jpg 2048w\" sizes=\"auto, (max-width: 1024px) 100vw, 1024px\" \/><\/figure>\n\n<h2 class=\"wp-block-heading has-46-font-size\">Aktuelles<\/h2>\n\n<p class=\"has-secondary-font-family has-22-font-size\">Unser Blog gibt praktische Tipps, Hintergrundberichte, erkl\u00e4rt H\u00fcrden und Stolpersteine.<\/p>\n\n<div class=\"wp-block-buttons is-layout-flex wp-block-buttons-is-layout-flex\"><div class=\"wp-block-button has-custom-width wp-block-button__width-100 is-style-btn-primary is-style-btn-primary--1\"><a class=\"wp-block-button__link wp-element-button\" href=\"https:\/\/saubere-veranstaltung.blog\/\" target=\"_blank\" rel=\"noreferrer noopener\">Zum Blog<\/a><\/div><\/div><\/div>\n\t<\/div>\n\n<div class=\"col-12 col-md-4\">\n\t\t\t\n<div class=\"wp-block-group is-layout-constrained wp-block-group-is-layout-constrained\"><figure class=\"wp-block-image size-large has-custom-border\"><img loading=\"lazy\" decoding=\"async\" width=\"1024\" height=\"682\" src=\"https:\/\/eventkit.ch\/wp-content\/uploads\/2026\/04\/Gletscherfoto_Christof_pluswert_reduziert-1024x682.jpg\" alt=\"\" class=\"wp-image-3774\" style=\"border-radius:12px\" srcset=\"https:\/\/eventkit.ch\/wp-content\/uploads\/2026\/04\/Gletscherfoto_Christof_pluswert_reduziert-1024x682.jpg 1024w, https:\/\/eventkit.ch\/wp-content\/uploads\/2026\/04\/Gletscherfoto_Christof_pluswert_reduziert-300x200.jpg 300w, https:\/\/eventkit.ch\/wp-content\/uploads\/2026\/04\/Gletscherfoto_Christof_pluswert_reduziert-768x512.jpg 768w, https:\/\/eventkit.ch\/wp-content\/uploads\/2026\/04\/Gletscherfoto_Christof_pluswert_reduziert-1536x1024.jpg 1536w, https:\/\/eventkit.ch\/wp-content\/uploads\/2026\/04\/Gletscherfoto_Christof_pluswert_reduziert.jpg 1772w\" sizes=\"auto, (max-width: 1024px) 100vw, 1024px\" \/><\/figure>\n\n<h2 class=\"wp-block-heading has-46-font-size\">Wirkung messen<\/h2>\n\n<p class=\"has-secondary-font-family has-22-font-size\">Deine CO2-Bilanz mit dem passenden Tool berechnen spezifisch f\u00fcr Sport- und Kulturveranstaltungen.<\/p>\n\n<div class=\"wp-block-buttons is-layout-flex wp-block-buttons-is-layout-flex\"><div class=\"wp-block-button has-custom-width wp-block-button__width-100 is-style-btn-primary is-style-btn-primary--2\"><a class=\"wp-block-button__link wp-element-button\" href=\"https:\/\/eventkit.ch\/?page_id=1730\" target=\"_blank\" rel=\"noreferrer noopener\">Weiter<\/a><\/div><\/div><\/div>\n\t<\/div>\n\n<div class=\"col-12 col-md-4\">\n\t\t\t\n<div class=\"wp-block-group is-layout-constrained wp-block-group-is-layout-constrained\"><figure class=\"wp-block-image size-large has-custom-border\"><img loading=\"lazy\" decoding=\"async\" width=\"1024\" height=\"683\" src=\"https:\/\/eventkit.ch\/wp-content\/uploads\/2025\/11\/IMG_9303-copie-1536x1024-1-1024x683.webp\" alt=\"\" class=\"wp-image-1149\" style=\"border-radius:12px\" srcset=\"https:\/\/eventkit.ch\/wp-content\/uploads\/2025\/11\/IMG_9303-copie-1536x1024-1-1024x683.webp 1024w, https:\/\/eventkit.ch\/wp-content\/uploads\/2025\/11\/IMG_9303-copie-1536x1024-1-300x200.webp 300w, https:\/\/eventkit.ch\/wp-content\/uploads\/2025\/11\/IMG_9303-copie-1536x1024-1-768x512.webp 768w, https:\/\/eventkit.ch\/wp-content\/uploads\/2025\/11\/IMG_9303-copie-1536x1024-1.webp 1536w\" sizes=\"auto, (max-width: 1024px) 100vw, 1024px\" \/><\/figure>\n\n<h2 class=\"wp-block-heading has-46-font-size\">Good Practice<\/h2>\n\n<p class=\"has-secondary-font-family has-22-font-size\">Inspirierende Beispiele aus der ganzen Schweiz, leicht zu Finden und mit konkreten Resultaten erg\u00e4nzt.<\/p>\n\n<div class=\"wp-block-buttons is-layout-flex wp-block-buttons-is-layout-flex\"><div class=\"wp-block-button has-custom-width wp-block-button__width-100 is-style-btn-primary is-style-btn-primary--3\"><a class=\"wp-block-button__link wp-element-button\" href=\"https:\/\/eventkit.ch\/?content_type=good-practice\" target=\"_blank\" rel=\"noreferrer noopener\">Zu den Beispielen<\/a><\/div><\/div><\/div>\n\t<\/div>\n<\/div><\/section><section class=\"wp-block-group alignfull has-orange-light-background-color has-background is-layout-constrained wp-block-group-is-layout-constrained\" id=\"nachhaltigkeitsthemen\"><div class=\"wp-bootstrap-blocks-row row\">\n\t\n<div class=\"col-12 col-md-4\">\n\t\t\t\n<div class=\"wp-block-group is-layout-flow wp-block-group-is-layout-flow\"><figure class=\"wp-block-image size-full is-resized has-custom-border\"><img loading=\"lazy\" decoding=\"async\" width=\"360\" height=\"240\" src=\"https:\/\/eventkit.ch\/wp-content\/uploads\/2025\/12\/Event-Image-edited.png\" alt=\"\" class=\"wp-image-1753\" style=\"border-radius:12px;width:383px;height:auto\" srcset=\"https:\/\/eventkit.ch\/wp-content\/uploads\/2025\/12\/Event-Image-edited.png 360w, https:\/\/eventkit.ch\/wp-content\/uploads\/2025\/12\/Event-Image-edited-300x200.png 300w\" sizes=\"auto, (max-width: 360px) 100vw, 360px\" \/><\/figure>\n\n<h2 class=\"wp-block-heading has-46-font-size\">Dienstleistende<\/h2>\n\n<blockquote class=\"wp-block-quote is-layout-flow wp-block-quote-is-layout-flow\"><ul class=\"wp-block-list\"><li class=\"has-secondary-font-family has-22-font-size\">Vermieter:innen, Produkt- und Service-Anbieter:innen <\/li>\n\n<li class=\"has-secondary-font-family has-22-font-size\">Zertifizierungen und Labels<\/li>\n\n<li class=\"has-secondary-font-family has-22-font-size\">Spezialisierte Plattformen<\/li><\/ul><\/blockquote>\n\n<div class=\"wp-block-buttons is-layout-flex wp-block-buttons-is-layout-flex\"><div class=\"wp-block-button has-custom-width wp-block-button__width-100 is-style-btn-primary is-style-btn-primary--4\"><a class=\"wp-block-button__link has-secondary-background-color has-background wp-element-button\" href=\"https:\/\/eventkit.ch\/wp-content\/uploads\/2025\/12\/Liste-Dienstleistende-Jan-2026.xlsx\" target=\"_blank\" rel=\"noreferrer noopener\">Download Liste<\/a><\/div><\/div><\/div>\n\t<\/div>\n\n<div class=\"col-12 col-md-4\">\n\t\t\t\n<div class=\"wp-block-group is-layout-constrained wp-block-group-is-layout-constrained\"><figure class=\"wp-block-image size-full has-custom-border\"><img loading=\"lazy\" decoding=\"async\" width=\"2560\" height=\"1707\" src=\"https:\/\/eventkit.ch\/wp-content\/uploads\/2026\/02\/closeup-business-woman-hand-typing-laptop-keyboard-scaled.jpg\" alt=\"\" class=\"wp-image-3350\" style=\"border-radius:12px\" srcset=\"https:\/\/eventkit.ch\/wp-content\/uploads\/2026\/02\/closeup-business-woman-hand-typing-laptop-keyboard-scaled.jpg 2560w, https:\/\/eventkit.ch\/wp-content\/uploads\/2026\/02\/closeup-business-woman-hand-typing-laptop-keyboard-300x200.jpg 300w, https:\/\/eventkit.ch\/wp-content\/uploads\/2026\/02\/closeup-business-woman-hand-typing-laptop-keyboard-1024x683.jpg 1024w, https:\/\/eventkit.ch\/wp-content\/uploads\/2026\/02\/closeup-business-woman-hand-typing-laptop-keyboard-768x512.jpg 768w, https:\/\/eventkit.ch\/wp-content\/uploads\/2026\/02\/closeup-business-woman-hand-typing-laptop-keyboard-1536x1024.jpg 1536w, https:\/\/eventkit.ch\/wp-content\/uploads\/2026\/02\/closeup-business-woman-hand-typing-laptop-keyboard-2048x1365.jpg 2048w\" sizes=\"auto, (max-width: 2560px) 100vw, 2560px\" \/><\/figure>\n\n<h2 class=\"wp-block-heading has-46-font-size\">Beh\u00f6rdenvorgaben<\/h2>\n\n<p class=\"has-secondary-font-family has-22-font-size\">Gesetzliche Bestimmungen, Besonderheiten und weiterf\u00fchrende Informationen und Kontakte auf kantonaler und kommunaler Ebene<\/p>\n\n<div class=\"wp-block-buttons is-layout-flex wp-block-buttons-is-layout-flex\"><div class=\"wp-block-button has-custom-width wp-block-button__width-100 is-style-btn-primary is-style-btn-primary--5\"><a class=\"wp-block-button__link has-secondary-background-color has-background wp-element-button\" href=\"https:\/\/eventkit.ch\/wp-content\/uploads\/2026\/02\/Behoerdenanforderungen_exigences-autorites.pdf\" target=\"_blank\" rel=\"noreferrer noopener\">Download Liste<\/a><\/div><\/div><\/div>\n\t<\/div>\n\n<div class=\"col-12 col-md-4\">\n\t\t\t\n<div class=\"wp-block-group is-layout-constrained wp-block-group-is-layout-constrained\"><div class=\"wp-block-buttons is-layout-flex wp-block-buttons-is-layout-flex\"><\/div><\/div>\n\t<\/div>\n<\/div><\/section><p><\/p>","protected":false},"excerpt":{"rendered":"<p>Ressourcen Aktuelle Themen, Beh\u00f6rdenvorgaben, Good Practice, Klima-Rechner und Dienstleisterliste. Hier findest du Unterst\u00fctzung, Tipps und L\u00f6sungsideen und kannst dich mit Gleichgesinnten austauschen.<\/p>\n","protected":false},"author":3,"featured_media":0,"parent":0,"menu_order":0,"comment_status":"closed","ping_status":"closed","template":"page-no-title","meta":{"_sitemap_exclude":false,"_sitemap_priority":"","_sitemap_frequency":"","footnotes":""},"class_list":["post-1183","page","type-page","status-publish","hentry"],"yoast_head":"<!-- This site is optimized with the Yoast SEO plugin v27.3 - https:\/\/yoast.com\/product\/yoast-seo-wordpress\/ -->\n<title>Ressourcen - EventKit<\/title>\n<meta name=\"description\" content=\"Aktuelle Themen, Beh\u00f6rdenvorgaben, Good Practice, Klima-Rechner und Dienstleisterliste. Hier findest du Unterst\u00fctzung, Tipps und L\u00f6sungsideen und kannst dich mit Gleichgesinnten austauschen.\" \/>\n<meta name=\"robots\" content=\"index, follow, max-snippet:-1, max-image-preview:large, max-video-preview:-1\" \/>\n<link rel=\"canonical\" href=\"https:\/\/eventkit.ch\/?page_id=1183\" \/>\n<meta property=\"og:locale\" content=\"de_DE\" \/>\n<meta property=\"og:type\" content=\"article\" \/>\n<meta property=\"og:title\" content=\"Ressourcen - EventKit\" \/>\n<meta property=\"og:description\" content=\"Aktuelle Themen, Beh\u00f6rdenvorgaben, Good Practice, Klima-Rechner und Dienstleisterliste. Hier findest du Unterst\u00fctzung, Tipps und L\u00f6sungsideen und kannst dich mit Gleichgesinnten austauschen.\" \/>\n<meta property=\"og:url\" content=\"https:\/\/eventkit.ch\/?page_id=1183\" \/>\n<meta property=\"og:site_name\" content=\"EventKit\" \/>\n<meta property=\"article:modified_time\" content=\"2026-04-15T12:49:41+00:00\" \/>\n<meta property=\"og:image\" content=\"https:\/\/eventkit.ch\/wp-content\/uploads\/2025\/11\/3FrauenSVNE_ASMD-1-scaled.jpg\" \/>\n\t<meta property=\"og:image:width\" content=\"2560\" \/>\n\t<meta property=\"og:image:height\" content=\"1710\" \/>\n\t<meta property=\"og:image:type\" content=\"image\/jpeg\" \/>\n<meta name=\"twitter:card\" content=\"summary_large_image\" \/>\n<meta name=\"twitter:label1\" content=\"Gesch\u00e4tzte Lesezeit\" \/>\n\t<meta name=\"twitter:data1\" content=\"2\u00a0Minuten\" \/>\n<script type=\"application\/ld+json\" class=\"yoast-schema-graph\">{\"@context\":\"https:\\\/\\\/schema.org\",\"@graph\":[{\"@type\":\"WebPage\",\"@id\":\"https:\\\/\\\/eventkit.ch\\\/?page_id=1183\",\"url\":\"https:\\\/\\\/eventkit.ch\\\/?page_id=1183\",\"name\":\"Ressourcen - EventKit\",\"isPartOf\":{\"@id\":\"https:\\\/\\\/eventkit.ch\\\/#website\"},\"primaryImageOfPage\":{\"@id\":\"https:\\\/\\\/eventkit.ch\\\/?page_id=1183#primaryimage\"},\"image\":{\"@id\":\"https:\\\/\\\/eventkit.ch\\\/?page_id=1183#primaryimage\"},\"thumbnailUrl\":\"https:\\\/\\\/eventkit.ch\\\/wp-content\\\/uploads\\\/2025\\\/11\\\/3FrauenSVNE_ASMD-1-1024x684.jpg\",\"datePublished\":\"2025-11-30T17:41:24+00:00\",\"dateModified\":\"2026-04-15T12:49:41+00:00\",\"description\":\"Aktuelle Themen, Beh\u00f6rdenvorgaben, Good Practice, Klima-Rechner und Dienstleisterliste. Hier findest du Unterst\u00fctzung, Tipps und L\u00f6sungsideen und kannst dich mit Gleichgesinnten austauschen.\",\"breadcrumb\":{\"@id\":\"https:\\\/\\\/eventkit.ch\\\/?page_id=1183#breadcrumb\"},\"inLanguage\":\"de\",\"potentialAction\":[{\"@type\":\"ReadAction\",\"target\":[\"https:\\\/\\\/eventkit.ch\\\/?page_id=1183\"]}]},{\"@type\":\"ImageObject\",\"inLanguage\":\"de\",\"@id\":\"https:\\\/\\\/eventkit.ch\\\/?page_id=1183#primaryimage\",\"url\":\"https:\\\/\\\/eventkit.ch\\\/wp-content\\\/uploads\\\/2025\\\/11\\\/3FrauenSVNE_ASMD-1-scaled.jpg\",\"contentUrl\":\"https:\\\/\\\/eventkit.ch\\\/wp-content\\\/uploads\\\/2025\\\/11\\\/3FrauenSVNE_ASMD-1-scaled.jpg\",\"width\":2560,\"height\":1710},{\"@type\":\"BreadcrumbList\",\"@id\":\"https:\\\/\\\/eventkit.ch\\\/?page_id=1183#breadcrumb\",\"itemListElement\":[{\"@type\":\"ListItem\",\"position\":1,\"name\":\"Home\",\"item\":\"https:\\\/\\\/eventkit.ch\\\/\"},{\"@type\":\"ListItem\",\"position\":2,\"name\":\"Ressourcen\"}]},{\"@type\":\"WebSite\",\"@id\":\"https:\\\/\\\/eventkit.ch\\\/#website\",\"url\":\"https:\\\/\\\/eventkit.ch\\\/\",\"name\":\"EventKit\",\"description\":\"Nachhaltigkeit, die wirkt: Dein Event im Check.\",\"publisher\":{\"@id\":\"https:\\\/\\\/eventkit.ch\\\/#organization\"},\"potentialAction\":[{\"@type\":\"SearchAction\",\"target\":{\"@type\":\"EntryPoint\",\"urlTemplate\":\"https:\\\/\\\/eventkit.ch\\\/?s={search_term_string}\"},\"query-input\":{\"@type\":\"PropertyValueSpecification\",\"valueRequired\":true,\"valueName\":\"search_term_string\"}}],\"inLanguage\":\"de\"},{\"@type\":\"Organization\",\"@id\":\"https:\\\/\\\/eventkit.ch\\\/#organization\",\"name\":\"EventKit\",\"url\":\"https:\\\/\\\/eventkit.ch\\\/\",\"logo\":{\"@type\":\"ImageObject\",\"inLanguage\":\"de\",\"@id\":\"https:\\\/\\\/eventkit.ch\\\/#\\\/schema\\\/logo\\\/image\\\/\",\"url\":\"https:\\\/\\\/eventkit.ch\\\/wp-content\\\/uploads\\\/2025\\\/11\\\/android-icon-144x144-1.png\",\"contentUrl\":\"https:\\\/\\\/eventkit.ch\\\/wp-content\\\/uploads\\\/2025\\\/11\\\/android-icon-144x144-1.png\",\"width\":144,\"height\":144,\"caption\":\"EventKit\"},\"image\":{\"@id\":\"https:\\\/\\\/eventkit.ch\\\/#\\\/schema\\\/logo\\\/image\\\/\"}}]}<\/script>\n<!-- \/ Yoast SEO plugin. -->","yoast_head_json":{"title":"Ressourcen - EventKit","description":"Aktuelle Themen, Beh\u00f6rdenvorgaben, Good Practice, Klima-Rechner und Dienstleisterliste. Hier findest du Unterst\u00fctzung, Tipps und L\u00f6sungsideen und kannst dich mit Gleichgesinnten austauschen.","robots":{"index":"index","follow":"follow","max-snippet":"max-snippet:-1","max-image-preview":"max-image-preview:large","max-video-preview":"max-video-preview:-1"},"canonical":"https:\/\/eventkit.ch\/?page_id=1183","og_locale":"de_DE","og_type":"article","og_title":"Ressourcen - EventKit","og_description":"Aktuelle Themen, Beh\u00f6rdenvorgaben, Good Practice, Klima-Rechner und Dienstleisterliste. Hier findest du Unterst\u00fctzung, Tipps und L\u00f6sungsideen und kannst dich mit Gleichgesinnten austauschen.","og_url":"https:\/\/eventkit.ch\/?page_id=1183","og_site_name":"EventKit","article_modified_time":"2026-04-15T12:49:41+00:00","og_image":[{"width":2560,"height":1710,"url":"https:\/\/eventkit.ch\/wp-content\/uploads\/2025\/11\/3FrauenSVNE_ASMD-1-scaled.jpg","type":"image\/jpeg"}],"twitter_card":"summary_large_image","twitter_misc":{"Gesch\u00e4tzte Lesezeit":"2\u00a0Minuten"},"schema":{"@context":"https:\/\/schema.org","@graph":[{"@type":"WebPage","@id":"https:\/\/eventkit.ch\/?page_id=1183","url":"https:\/\/eventkit.ch\/?page_id=1183","name":"Ressourcen - EventKit","isPartOf":{"@id":"https:\/\/eventkit.ch\/#website"},"primaryImageOfPage":{"@id":"https:\/\/eventkit.ch\/?page_id=1183#primaryimage"},"image":{"@id":"https:\/\/eventkit.ch\/?page_id=1183#primaryimage"},"thumbnailUrl":"https:\/\/eventkit.ch\/wp-content\/uploads\/2025\/11\/3FrauenSVNE_ASMD-1-1024x684.jpg","datePublished":"2025-11-30T17:41:24+00:00","dateModified":"2026-04-15T12:49:41+00:00","description":"Aktuelle Themen, Beh\u00f6rdenvorgaben, Good Practice, Klima-Rechner und Dienstleisterliste. Hier findest du Unterst\u00fctzung, Tipps und L\u00f6sungsideen und kannst dich mit Gleichgesinnten austauschen.","breadcrumb":{"@id":"https:\/\/eventkit.ch\/?page_id=1183#breadcrumb"},"inLanguage":"de","potentialAction":[{"@type":"ReadAction","target":["https:\/\/eventkit.ch\/?page_id=1183"]}]},{"@type":"ImageObject","inLanguage":"de","@id":"https:\/\/eventkit.ch\/?page_id=1183#primaryimage","url":"https:\/\/eventkit.ch\/wp-content\/uploads\/2025\/11\/3FrauenSVNE_ASMD-1-scaled.jpg","contentUrl":"https:\/\/eventkit.ch\/wp-content\/uploads\/2025\/11\/3FrauenSVNE_ASMD-1-scaled.jpg","width":2560,"height":1710},{"@type":"BreadcrumbList","@id":"https:\/\/eventkit.ch\/?page_id=1183#breadcrumb","itemListElement":[{"@type":"ListItem","position":1,"name":"Home","item":"https:\/\/eventkit.ch\/"},{"@type":"ListItem","position":2,"name":"Ressourcen"}]},{"@type":"WebSite","@id":"https:\/\/eventkit.ch\/#website","url":"https:\/\/eventkit.ch\/","name":"EventKit","description":"Nachhaltigkeit, die wirkt: Dein Event im Check.","publisher":{"@id":"https:\/\/eventkit.ch\/#organization"},"potentialAction":[{"@type":"SearchAction","target":{"@type":"EntryPoint","urlTemplate":"https:\/\/eventkit.ch\/?s={search_term_string}"},"query-input":{"@type":"PropertyValueSpecification","valueRequired":true,"valueName":"search_term_string"}}],"inLanguage":"de"},{"@type":"Organization","@id":"https:\/\/eventkit.ch\/#organization","name":"EventKit","url":"https:\/\/eventkit.ch\/","logo":{"@type":"ImageObject","inLanguage":"de","@id":"https:\/\/eventkit.ch\/#\/schema\/logo\/image\/","url":"https:\/\/eventkit.ch\/wp-content\/uploads\/2025\/11\/android-icon-144x144-1.png","contentUrl":"https:\/\/eventkit.ch\/wp-content\/uploads\/2025\/11\/android-icon-144x144-1.png","width":144,"height":144,"caption":"EventKit"},"image":{"@id":"https:\/\/eventkit.ch\/#\/schema\/logo\/image\/"}}]}},"_links":{"self":[{"href":"https:\/\/eventkit.ch\/index.php?rest_route=\/wp\/v2\/pages\/1183","targetHints":{"allow":["GET"]}}],"collection":[{"href":"https:\/\/eventkit.ch\/index.php?rest_route=\/wp\/v2\/pages"}],"about":[{"href":"https:\/\/eventkit.ch\/index.php?rest_route=\/wp\/v2\/types\/page"}],"author":[{"embeddable":true,"href":"https:\/\/eventkit.ch\/index.php?rest_route=\/wp\/v2\/users\/3"}],"replies":[{"embeddable":true,"href":"https:\/\/eventkit.ch\/index.php?rest_route=%2Fwp%2Fv2%2Fcomments&post=1183"}],"version-history":[{"count":43,"href":"https:\/\/eventkit.ch\/index.php?rest_route=\/wp\/v2\/pages\/1183\/revisions"}],"predecessor-version":[{"id":3775,"href":"https:\/\/eventkit.ch\/index.php?rest_route=\/wp\/v2\/pages\/1183\/revisions\/3775"}],"wp:attachment":[{"href":"https:\/\/eventkit.ch\/index.php?rest_route=%2Fwp%2Fv2%2Fmedia&parent=1183"}],"curies":[{"name":"wp","href":"https:\/\/api.w.org\/{rel}","templated":true}]}}